{"id":1034,"date":"2023-07-03T12:15:46","date_gmt":"2023-07-03T15:15:46","guid":{"rendered":"https:\/\/pm.empresaonline.net.br\/?page_id=1034"},"modified":"2023-07-26T17:04:59","modified_gmt":"2023-07-26T20:04:59","slug":"curriculum-comandante","status":"publish","type":"page","link":"https:\/\/pm.empresaonline.net.br\/index.php\/curriculum-comandante\/","title":{"rendered":"Curriculum Comandante"},"content":{"rendered":"<p>Curriculum Comandante<br \/>\n\t\t\t\t\t\t\t\t\t\t<img loading=\"lazy\" decoding=\"async\" width=\"256\" height=\"300\" src=\"http:\/\/pm.empresaonline.net.br\/wp-content\/uploads\/2023\/06\/cel-256x300.jpg\" alt=\"\" srcset=\"http:\/\/pm.empresaonline.net.br\/wp-content\/uploads\/2023\/06\/cel-256x300.jpg 256w, http:\/\/pm.empresaonline.net.br\/wp-content\/uploads\/2023\/06\/cel.jpg 628w\" sizes=\"auto, (max-width: 256px) 100vw, 256px\" \/>\t\t\t\t\t\t\t\t\t\t\t<\/p>\n<p>CURRICULUM VITAE<br \/>CEL PM 930416-9 ADRIANA ROLEDO BELLUZZO<br \/>Nascida em 10 de agosto de 1975, na cidade de Ara\u00e7atuba\/SP. Filha de Anast\u00e1cio Flor\u00eancio Roledo e de Maria Evanir de Oliveira Roledo.<br \/>\u00c9 casada com o\u00a0 Cel PM Lu\u00eds Marcelo Cunha Belluzzo (com quem namorou desde os 14 anos de idade), possui as filhas Fernanda, nascida em 04\/10\/04, e Amanda, nascida em 04\/09\/06.<\/p>\n<p>CURSOS:<br \/>&#8211; Curso de Forma\u00e7\u00e3o de Oficiais na Academia de Pol\u00edcia Militar do Barro Branco, de 1993 a 1996;<br \/>&#8211; Curso de Introdu\u00e7\u00e3o \u00e0 Micro Inform\u00e1tica na DEI &#8211; Diretoria de Ensino e Instru\u00e7\u00e3o, Capital\/SP em 1995;<br \/>&#8211; Curso de Ci\u00eancias Jur\u00eddicas, de 1998 a 2002, nas Faculdades Integradas Toledo, em Ara\u00e7atuba\/SP;<br \/>&#8211; Curso de Assuntos Civis para Oficiais da PM, em 2005 pela 5\u00aa Se\u00e7\u00e3o do Estado Maior no Quartel General da PMESP;<br \/>&#8211; Curso de Ingl\u00eas N\u00edvel B\u00e1sico e Avan\u00e7ado, de 2001 a 2005 na Wizard &#8211; Escola de Idiomas, em Ara\u00e7atuba\/SP;<br \/>&#8211; Curso de Administrador de Recursos Humanos, em 2009 pela Diretoria de Pessoal da PMESP;<br \/>&#8211; P\u00f3s-Gradua\u00e7\u00e3o em Mestrado em Ci\u00eancias Policiais de Seguran\u00e7a e Ordem P\u00fablica (CAO), em 2013;<br \/>&#8211; Curso de Direitos Humanos, em 2017;<br \/>&#8211; Curso Superior de Pol\u00edcia, em 2020;<br \/>&#8211; Curso de Gest\u00e3o Contempor\u00e2nea pela Qualidade para Oficiais da PM;<br \/>&#8211; Possui v\u00e1rios cursos do PROERD e ministra aulas em todos estes, inclusive em outros estados do Brasil, capacitando policiais militares para atuarem no programa.<br \/>PROMO\u00c7\u00d5ES:<br \/>&#8211; Concluiu o Curso de Forma\u00e7\u00e3o de Oficias em 13 de dezembro de 1996, sendo declarada Aspirante Oficial PM;<br \/>&#8211; Em 15 de dezembro de 1997, foi promovida ao posto de 2\u00ba Tenente PM;<br \/>&#8211; Em 24 de maio de 2000, foi promovida ao posto de 1\u00ba Tenente PM;<br \/>&#8211; Em 25 de agosto de 2009, foi promovida ao posto de Capit\u00e3o PM;<br \/>&#8211; Em 24 de maio de 2017, foi promovida ao posto de Major PM;<br \/>&#8211; Em 24 de maio de 2021, foi promovida ao posto de Tenente Coronel PM.<br \/>&#8211; Em 16 de mar\u00e7o de 2023, foi promovida ao posto de Coronel PM<br \/>UNIDADES:<br \/>&#8211; Academia de Pol\u00edcia Militar do Barro Branco;<br \/>&#8211; 4\u00ba Batalh\u00e3o de Pol\u00edcia de Tr\u00e2nsito;<br \/>&#8211; 2\u00ba Batalh\u00e3o de Pol\u00edcia Militar do Interior;<br \/>&#8211; Comando de Policiamento do Interior &#8211; Cinco;<br \/>&#8211; Comando de Policiamento do Interior &#8211; Dez.<br \/>PR\u00caMIOS E CONDECORA\u00c7\u00d5ES:<br \/>&#8211; L\u00e1urea de M\u00e9rito Pessoal em 5\u00ba, 4\u00ba, 3\u00ba, 2\u00ba e 1\u00ba Grau;<br \/>&#8211; Medalha Valor Militar em Grau Prata.<br \/>ATRIBUI\u00c7\u00d5ES EXERCIDAS:<br \/>&#8211; \u00c9 2\u00aa Tesoureira da APAS \u2013 Associa\u00e7\u00e3o de Assist\u00eancia \u00e0 Sa\u00fade do Policial Militar;<br \/>&#8211; Foi Membro do Conselho Deliberativo da AFAM \u2013 Associa\u00e7\u00e3o de Fundo de Aux\u00edlio M\u00fatuo da PMESP \u2013 de 2013 a 2020;<br \/>&#8211; \u00c9 multiplicadora do PROERD \u2013 Programa Educacional de Resist\u00eancia \u00e0s Drogas e \u00e0 Viol\u00eancia, da PMESP e Coordenadora deste Programa e do Programa JCC \u2013 Jovens Construindo a Cidadania na Regi\u00e3o do 2\u00ba BPM\/I;<br \/>&#8211; Faz parte da 1\u00aa turma de policias PROERD do Estado de S\u00e3o Paulo, quando fez o curso em 1993, atuando com o Programa desde ent\u00e3o;<br \/>&#8211; Atualmente \u00e9 Comandante do CPI-10, Regi\u00e3o de Ara\u00e7atuba e Andradina\/SP<br \/>MOVIMENTA\u00c7\u00d5ES<br \/>A Comandante ingressou na Institui\u00e7\u00e3o em 05 de janeiro de 1993, na Academia de Pol\u00edcia Militar do Barro Branco, na capital do Estado. Foi declarada Aspirante a Oficial em 13 de dezembro de 1996 e classificada no 4\u00ba Batalh\u00e3o de Tr\u00e2nsito, em S\u00e3o Paulo, onde permaneceu at\u00e9 29 de setembro de 1998. No dia 30 do mesmo m\u00eas e ano foi transferida para o 2\u00ba Batalh\u00e3o de Pol\u00edcia Militar do Interior (2\u00baBPM\/I), em Ara\u00e7atuba. Em 01 de abril de 2013, j\u00e1 no posto de Capit\u00e3o, foi movimentada para o Comando de Policiamento do Interior \u2013 10 (CPI-10), que \u00e9 o comando regional da Pol\u00edcia Militar na \u00e1rea de Ara\u00e7atuba. Ap\u00f3s sua promo\u00e7\u00e3o ao posto de Major, continuou classificada no CPI-10, permanecendo at\u00e9 24 de maio de 2021, quando foi promovida \u00e0 Tenente-Coronel e designada para comandar o 2\u00baBPM\/I, que corresponde a 31 dos 43 munic\u00edpios da circunscri\u00e7\u00e3o do CPI-10.<br \/>Na data de 16 de mar\u00e7o de 2023 foi promovida ao \u00faltimo posto da Pol\u00edcia Militar do Estado de S\u00e3o Paulo. Agora como Coronel PM\u00a0 comandando o CPI-10 sediado em Ara\u00e7atuba.<\/p>\n","protected":false},"excerpt":{"rendered":"<p>Curriculum Comandante CURRICULUM VITAECEL PM 930416-9 ADRIANA ROLEDO BELLUZZONascida em 10 de agosto de 1975, na cidade de Ara\u00e7atuba\/SP. Filha de Anast\u00e1cio Flor\u00eancio Roledo e de Maria Evanir de Oliveira Roledo.\u00c9 casada com o\u00a0 Cel PM Lu\u00eds Marcelo Cunha Belluzzo (com quem namorou desde os 14 anos de idade), possui as filhas Fernanda, nascida em [&hellip;]<\/p>\n","protected":false},"author":1,"featured_media":0,"parent":0,"menu_order":0,"comment_status":"closed","ping_status":"closed","template":"","meta":{"site-sidebar-layout":"default","site-content-layout":"default","ast-site-content-layout":"","site-content-style":"default","site-sidebar-style":"default","ast-global-header-display":"","ast-banner-title-visibility":"","ast-main-header-display":"","ast-hfb-above-header-display":"","ast-hfb-below-header-display":"","ast-hfb-mobile-header-display":"","site-post-title":"disabled","ast-breadcrumbs-content":"","ast-featured-img":"","footer-sml-layout":"","theme-transparent-header-meta":"default","adv-header-id-meta":"","stick-header-meta":"default","header-above-stick-meta":"","header-main-stick-meta":"","header-below-stick-meta":"","astra-migrate-meta-layouts":"default","ast-page-background-enabled":"default","ast-page-background-meta":{"desktop":{"background-color":"var(--ast-global-color-4)","background-image":"","background-repeat":"repeat","background-position":"center center","background-size":"auto","background-attachment":"scroll","background-type":"","background-media":"","overlay-type":"","overlay-color":"","overlay-opacity":"","overlay-gradient":""},"tablet":{"background-color":"","background-image":"","background-repeat":"repeat","background-position":"center center","background-size":"auto","background-attachment":"scroll","background-type":"","background-media":"","overlay-type":"","overlay-color":"","overlay-opacity":"","overlay-gradient":""},"mobile":{"background-color":"","background-image":"","background-repeat":"repeat","background-position":"center center","background-size":"auto","background-attachment":"scroll","background-type":"","background-media":"","overlay-type":"","overlay-color":"","overlay-opacity":"","overlay-gradient":""}},"ast-content-background-meta":{"desktop":{"background-color":"var(--ast-global-color-5)","background-image":"","background-repeat":"repeat","background-position":"center center","background-size":"auto","background-attachment":"scroll","background-type":"","background-media":"","overlay-type":"","overlay-color":"","overlay-opacity":"","overlay-gradient":""},"tablet":{"background-color":"var(--ast-global-color-5)","background-image":"","background-repeat":"repeat","background-position":"center center","background-size":"auto","background-attachment":"scroll","background-type":"","background-media":"","overlay-type":"","overlay-color":"","overlay-opacity":"","overlay-gradient":""},"mobile":{"background-color":"var(--ast-global-color-5)","background-image":"","background-repeat":"repeat","background-position":"center center","background-size":"auto","background-attachment":"scroll","background-type":"","background-media":"","overlay-type":"","overlay-color":"","overlay-opacity":"","overlay-gradient":""}},"footnotes":""},"class_list":["post-1034","page","type-page","status-publish","hentry"],"_links":{"self":[{"href":"https:\/\/pm.empresaonline.net.br\/index.php\/wp-json\/wp\/v2\/pages\/1034","targetHints":{"allow":["GET"]}}],"collection":[{"href":"https:\/\/pm.empresaonline.net.br\/index.php\/wp-json\/wp\/v2\/pages"}],"about":[{"href":"https:\/\/pm.empresaonline.net.br\/index.php\/wp-json\/wp\/v2\/types\/page"}],"author":[{"embeddable":true,"href":"https:\/\/pm.empresaonline.net.br\/index.php\/wp-json\/wp\/v2\/users\/1"}],"replies":[{"embeddable":true,"href":"https:\/\/pm.empresaonline.net.br\/index.php\/wp-json\/wp\/v2\/comments?post=1034"}],"version-history":[{"count":7,"href":"https:\/\/pm.empresaonline.net.br\/index.php\/wp-json\/wp\/v2\/pages\/1034\/revisions"}],"predecessor-version":[{"id":1104,"href":"https:\/\/pm.empresaonline.net.br\/index.php\/wp-json\/wp\/v2\/pages\/1034\/revisions\/1104"}],"wp:attachment":[{"href":"https:\/\/pm.empresaonline.net.br\/index.php\/wp-json\/wp\/v2\/media?parent=1034"}],"curies":[{"name":"wp","href":"https:\/\/api.w.org\/{rel}","templated":true}]}}