{"id":1087,"date":"2023-07-12T10:55:13","date_gmt":"2023-07-12T13:55:13","guid":{"rendered":"https:\/\/pm.empresaonline.net.br\/?page_id=1087"},"modified":"2023-07-12T10:58:57","modified_gmt":"2023-07-12T13:58:57","slug":"galeria-dos-comandantes","status":"publish","type":"page","link":"https:\/\/pm.empresaonline.net.br\/index.php\/galeria-dos-comandantes\/","title":{"rendered":"Galeria dos Comandantes"},"content":{"rendered":"<p>Pol\u00edcial do M\u00eas &#8211; ano 2023<br \/>\n<img decoding=\"async\" src=\"http:\/\/pm.empresaonline.net.br\/wp-content\/uploads\/2023\/06\/MAIO-OP.jpg\"><\/p>\n<h2>\n                            WAGNER ANT\u00d4NIO DA SILVA<\/h2>\n<p>HIST\u00d3RICA: \u201cO 2\u00ba SGT PM WAGNER \u00c9 DIGNO DO RECONHECIMENTO POR TER, NO M\u00caS DE MAIO DE 2023, SE DESTACADO NAS MISS\u00d5ES DE PATRULHAMENTO OSTENSIVO DA CIA DE FOR\u00c7A T\u00c1TICA DO 2\u00ba BPM\/I. RESSALTA-SE QUE O GRADUADO, ATUANDO COMO COMANDANTE DE EQUIPE NA MODALIDADE ROCAM E FOR\u00c7A T\u00c1TICA BUSCA SEMPRE A EXCEL\u00caNCIA DOS SERVI\u00c7OS PRESTADOS \u00c0 SOCIEDADE PAULISTA. NO M\u00caS REFERENCIADO, O POLICIAL FOI RESPONS\u00c1VEL PELA PRIS\u00c3O DE 04 CRIMINOSOS, SENDO 02 DELES PRESOS EM FLAGRANTE DELITO PELO CRIME DE TR\u00c1FICO DE DROGAS E OUTROS 02 PROCURADOS PELA JUSTI\u00c7A. SUAS A\u00c7\u00d5ES CULMINARAM NA APREENS\u00c3O DE 0,200 KG (DUZENTOS GRAMAS) DE ENTORPECENTES, AL\u00c9M DE APETRECHOS E CERTA QUANTIA EM DINHEIRO. DENTRE AS OCORR\u00caNCIAS, DESTACA-SE A OCORR\u00caNCIA DE TR\u00c1FICO DE DROGAS NA QUAL AP\u00d3S ABORDAGEM, A EQUIPE DE ROCAM COMANDADA PELO GRADUADO, SURPREENDEU UM INDIV\u00cdDUO PORTANDO 0,173 KG (CENTO E SETENTA TR\u00caS GRAMAS) DE \u201cMACONHA\u201d, QUE POSTERIORMENTE SERIAM FRACIONADOS E VENDIDOS PELO ABORDADO. CONFORME EXPOSTO, FICA EVIDENTE QUE SE TRATA DE PROFISSIONAL DE EXTREMA RESPONSABILIDADE, CONFIAN\u00c7A E COMPROMETIDO COM SEUS DEVERES, POIS SUA CONDUTA O TORNA UM POLICIAL MILITAR RESPEITADO E ADMIRADO POR TODOS\u201d.        <!-- .pp-modal-popup --><\/p>\n<h5>CRISTIANO<br \/>\nDONEGATI<\/h5>\n<p><img decoding=\"async\" src=\"http:\/\/pm.empresaonline.net.br\/wp-content\/uploads\/2023\/06\/abril.jpg\"><\/p>\n<h2>\n                            FERNANDO ALVES DE LIMA OLIVEIRA<\/h2>\n<p>O POLICIAL SE DESTACOU, POR TER NO M\u00caS DE ABRIL, NA FUN\u00c7\u00c3O DE COMANDO DE GRUPO PATRULHA, TRABALHADO DE FORMA \u00cdMPAR NO SERVI\u00c7O OPERACIONAL, PROFISSIONAL DEDICADO E INCANS\u00c1VEL NA BUSCA PELO BEM COMUM. RESSALTA-SE, PORTANTO, ALGUNS DE SEUS ATOS MERIT\u00d3RIOS. DURANTE PATRULHAMENTO OBTEVE O CONHECIMENTO DE QUE ESTAVA OCORRENDO UM FURTO PELA IGREJA PRESBITERIANA. O GRADUADO SE DESLOCOU PARA O LOCAL COM AS DEMAIS VIATURAS DE SERVI\u00c7O E COORDENOU O CERCO QUE CULMINOU NA DETEN\u00c7\u00c3O DE UM INDIV\u00cdDUO, O QUAL TRAZIA CONSIGO V\u00c1RIOS OBJETOS RETIRADOS DO INTERIOR DA IGREJA. O HOMEM FOI CONDUZIDO \u00c0 DELEGACIA ONDE PERMANECEU \u00c0 DISPOSI\u00c7\u00c3O DA JUSTI\u00c7A. EM OUTRA OPORTUNIDADE, DURANTE PATRULHAMENTO OSTENSIVO PELO MUNIC\u00cdPIO DE ILHA SOLTEIRA\/SP, VISUALIZOU UM TRANSEUNTE E QUE ERA DE CONHECIMENTO DO MILITAR QUE HAVIA UM MANDADO DE PRIS\u00c3O PELO CRIME DE FURTO. O HOMEM FOI ABORDADO E CONDUZIDO \u00c0 DELEGACIA ONDE FOI ENCAMINHADO AO C\u00c1RCERE. EM 20ABR23, O POLICIAL EM TELA, ESTAVA PELO MUNIC\u00cdPIO DE ITAPURA\/SP, ONDE FOI INFORMADO DE QUE HAVIA SIDO EXPEDIDO, RECENTEMENTE, UM MANDADO DE PRIS\u00c3O PARA UM INDIV\u00cdDUO. O POLICIAL MILITAR COM APOIO DA EQUIPE DE ITAPURA\/SP INICIOU O PATRULHAMENTO COM VISTA E OBTEVE SUCESSO EM ENCONTRAR O HOMEM QUE FOI ENCAMINHADO \u00c0 DELEGACIA ONDE PERMANECEU \u00c0 DISPOSI\u00c7\u00c3O DA JUSTI\u00c7A.  POLICIAL SUPRACITADO DEMONSTROU PROFISSIONALISMO, CONST\u00c2NCIA, AGU\u00c7ADO TIROC\u00cdNIO POLICIAL E AMOR \u00c0 CAUSA P\u00daBLICA, N\u00c3O MEDINDO ESFOR\u00c7OS PARA BEM SERVIR A POPULA\u00c7\u00c3O, SENDO, PORTANTO, MERECEDOR DA REFERIDA INDICA\u00c7\u00c3O\u201d.        <!-- .pp-modal-popup --><\/p>\n<h5>FL\u00c1VIO PEREIRA T\u00c1PARO<\/h5>\n<p><img decoding=\"async\" src=\"http:\/\/pm.empresaonline.net.br\/wp-content\/uploads\/2023\/06\/marco.jpg\"><\/p>\n<h2>\n                            GUILHERME MINARI GON\u00c7ALVES<\/h2>\n<p>DURANTE O M\u00caS DE MAR\u00c7O DO CORRENTE ANO, O CB PM MINARI PARTICIPOU DE DIVERSAS INTERVEN\u00c7\u00d5ES POLICIAIS, RETIRANDO DAS RUAS 03 (TR\u00caS) CRIMINOSOS, AL\u00c9M DE TER REALIZADO V\u00c1RIAS APREENS\u00d5ES. DENTRE SUAS A\u00c7\u00d5ES, DESTACA-SE A DO DIA  10MAR23 QUANDO, DURANTE PATRULHAMENTO, LOGROU \u00caXITO EM DETER UM INDIV\u00cdDUO PELO CRIME DE TR\u00c1FICO DE DROGAS. O ABORDADO, AO SER INDAGADO, CONFESSOU QUE ESTARIA VENDENDO ENTORPECENTES, APONTANDO O LOCAL UTILIZADO PARA GUARDAR OS OBJETOS IL\u00cdCITOS. FORAM LOCALIZADOS 0,269 KG (DUZENTOS E SESSENTA E NOVE GRAMAS) DE COCA\u00cdNA, 442 (QUATROCENTOS E QUARENTA E DOIS) MICROTUBOS DE COCA\u00cdNA J\u00c1 PRONTOS PARA VENDA, AL\u00c9M DE CENTENAS DE MICROTUBOS VAZIOS, BALAN\u00c7A DE PRECIS\u00c3O E O VALOR DE R$ 471,00 (QUATROCENTOS E SETENTA E UM REAIS) PROVENIENTES DO CRIME. O INDIV\u00cdDUO FOI CONDUZIDO \u00c0 CENTRAL DE FLAGRANTES, PERMANECENDO PRESO. J\u00c1 NO DIA 18MAR23, AO AVISTAR, DURANTE O PATRULHAMENTO, UM INDIV\u00cdDUO NA VIA JOGANDO V\u00c1RIOS MICROTUBOS COM COCA\u00cdNA NA CAL\u00c7ADA, REALIZOU A ABORDAGEM E CONSTATOU O DELITO DE TR\u00c1FICO DE DROGAS. EM DILIG\u00caNCIAS, ENCONTROU UMA SACOLA CONTENDO ENTORPECENTES. A OCORR\u00caNCIA RESULTOU NA APREENS\u00c3O DE 110 (CENTO E DEZ) MICROTUBOS DE COCA\u00cdNA, R$ 10,00 (DEZ REAIS) E 01 (UM) INDIV\u00cdDUO PRESO. E POR FIM, EM 20MAR23, AP\u00d3S RECEBER DEN\u00daNCIA DE QUE UM INDIV\u00cdDUO ESTARIA ARMADO NA VIA, LOGROU \u00caXITO EM LOCALIZ\u00c1-LO. DURANTE ABORDAGEM, INFORMOU QUE POSS\u00daIA UMA ARMA DE FOGO, FATO CONSTATADO AP\u00d3S DILIG\u00caNCIAS, SENDO LOCALIZADO, AL\u00c9M DE UMA PISTOLA JERICHO 941F 9MM, 38 (TRINTA E OITO) MUNI\u00c7\u00d5ES DO MESMO CALIBRE, 654 (SEISSENTOS E CINQUENTA E QUATRO) MICROTUBOS DE COCA\u00cdNA, 10 (DEZ) POR\u00c7\u00d5ES DE MACONHA, 01 (UMA) BALAN\u00c7A DE PRECIS\u00c3O E O VALOR DE R$ 20,00 (VINTE REAIS). DIANTE DOS FATOS, O INDIV\u00cdDUO FOI CONDUZIDO \u00c0 CENTRAL DE FLAGRANTES, PERMANECENDO PRESO. O POLICIAL EM TELA DEMONSTROU EXTREMO PROFISSIONALISMO E APRIMORAMENTO T\u00c9CNICO  POLICIAL, SENDO EXEMPLO A SER SEGUIDO POR SEU PARES AO EXERCER SUAS FUN\u00c7\u00d5ES COM INTEGRIDADE E EQUIL\u00cdBRIO SEGUNDO OS PRINC\u00cdPIOS INSTITUCIONAIS DE BEM SERVIR A SOCIEDADE, SENDO MERECEDOR IRRESTRITO DA PRESENTE INDICA\u00c7\u00c3O\u201d.        <!-- .pp-modal-popup --><\/p>\n<h5>GUILHERME<br \/>\nMINARI GON\u00c7ALVES<\/h5>\n<p><img decoding=\"async\" src=\"http:\/\/pm.empresaonline.net.br\/wp-content\/uploads\/2023\/06\/fevereiro.jpg\"><\/p>\n<h2>\n                            FL\u00c1VIO PEREIRA T\u00c1PARO<\/h2>\n<p>S\u00cdNTESE HIST\u00d3RICA: Indico para Policial de Destaque do m\u00eas de fevereiro de 2023, o 1\u00b0 Sgt PM FL\u00c1VIO, que tem demonstrado diariamente uma not\u00e1vel conduta profissional. Nos 33 (trinta e tr\u00eas) anos de servi\u00e7o prestados a Pol\u00edcia Militar do Estado de S\u00e3o Paulo, dos quais 32 (trinta e dois) servindo \u00e0 4\u00aa Cia do 2BPM\/I, destacando-se pelo alto grau de profissionalismo e dedica\u00e7\u00e3o \u00e0 comunidade de Coroados\/SP, onde atua como comandante do 4\u00b0 GP conduzindo o efetivo com maestria, sendo alvo de muitos elogios pelos mun\u00edcipes, tamb\u00e9m se destacando pela proatividade e sol\u00edcito quando designado \u00e0 fun\u00e7\u00e3o de CGP da 4\u00aa Cia. Ressalto que executa suas fun\u00e7\u00f5es com notoriedade e rever\u00eancia, sempre apoiando os policiais sob seu comando e em diversas ocorr\u00eancias, das quais saliento que em 15FEV23, quando recebeu pela Base do 4\u00baGP em Coroados um casal com um beb\u00ea de 02 (dois) meses de vida desfalecida, onde a m\u00e3e da crian\u00e7a relatou que sua filha estava engasgada, de imediato o 1\u00b0 Sgt PM Fl\u00e1vio acolheu a crian\u00e7a em seus bra\u00e7os, com muito cuidado e compromissado em salvar a vida da menina, iniciou a manobra de Heimlich obtendo \u00eaxito em liberar as vias a\u00e9reas da rec\u00e9m-nascida, desengasgando-a com precis\u00e3o, em seguida deslocou-se ao Posto de Sa\u00fade onde em seguran\u00e7a deixou a crian\u00e7a sob cuidados m\u00e9dicos e acompanhada de seus pais, ficando evidente que, devido o desfecho admir\u00e1vel dessa ocorr\u00eancia obteve muita repercuss\u00e3o nas redes sociais, m\u00eddias televisivas e de r\u00e1dio da regi\u00e3o. O 1\u00b0 Sgt PM Fl\u00e1vio tem se tornado \u00edcone de representa\u00e7\u00e3o da disciplina e do trabalho, sua iniciativa e efici\u00eancia que associadas \u00e0 capacidade de percep\u00e7\u00e3o dos problemas, permitem uma melhora na gest\u00e3o e alcance de metas, contribuindo de maneira decisiva para o sucesso da Unidade.        <!-- .pp-modal-popup --><\/p>\n<h5>FL\u00c1VIO PEREIRA T\u00c1PARO<\/h5>\n<p><img decoding=\"async\" src=\"http:\/\/pm.empresaonline.net.br\/wp-content\/uploads\/2023\/06\/JANEIRO.jpg\"><\/p>\n<h2>\n                            CRISTIANO DONEGATI<\/h2>\n<p>S\u00cdNTESE HIST\u00d3RICA: \u201cO Cb PM Cristiano Donegati \u00e9 digno de tal reconhecimento por ter, em 24JAN23, de madrugada, durante atendimento a ocorr\u00eancia de tentativa de suic\u00eddio, na divisa dos estados de S\u00e3o Paulo e Mato Grosso do Sul, onde policiais militares e policiais rodovi\u00e1rios federais daquele estado j\u00e1 estavam no local, sem sucesso em manter contato com o tentante, que naquele momento estava com o corpo na parte externa da ponte sobre o rio Paran\u00e1, conseguido estabelecer o rapport com este, e o convencido a desistir de tal ato. O policial militar manteve o di\u00e1logo com o tentante por aproximadamente duas horas, demonstrando compaix\u00e3o e empatia, utilizando o conhecimento adquirido no \u201cEst\u00e1gio de Abordagem Humanizada \u00e0 Pessoa com Prop\u00f3sito Suicida\u201d, disponibilizado pela Institui\u00e7\u00e3o, e em raz\u00e3o de todos esses fatores, mais uma vida foi preservada. Por tal motivo, o graduado se tornou digno de ser indicado como policial operacional do m\u00eas de janeiro.\u201d        <!-- .pp-modal-popup --><\/p>\n<h5>CRISTIANO<br \/>\nDONEGATI<\/h5>\n","protected":false},"excerpt":{"rendered":"<p>Pol\u00edcial do M\u00eas &#8211; ano 2023 WAGNER ANT\u00d4NIO DA SILVA HIST\u00d3RICA: \u201cO 2\u00ba SGT PM WAGNER \u00c9 DIGNO DO RECONHECIMENTO POR TER, NO M\u00caS DE MAIO DE 2023, SE DESTACADO NAS MISS\u00d5ES DE PATRULHAMENTO OSTENSIVO DA CIA DE FOR\u00c7A T\u00c1TICA DO 2\u00ba BPM\/I. RESSALTA-SE QUE O GRADUADO, ATUANDO COMO COMANDANTE DE EQUIPE NA MODALIDADE ROCAM [&hellip;]<\/p>\n","protected":false},"author":1,"featured_media":0,"parent":0,"menu_order":0,"comment_status":"closed","ping_status":"closed","template":"","meta":{"site-sidebar-layout":"default","site-content-layout":"default","ast-site-content-layout":"","site-content-style":"default","site-sidebar-style":"default","ast-global-header-display":"","ast-banner-title-visibility":"","ast-main-header-display":"","ast-hfb-above-header-display":"","ast-hfb-below-header-display":"","ast-hfb-mobile-header-display":"","site-post-title":"","ast-breadcrumbs-content":"","ast-featured-img":"","footer-sml-layout":"","theme-transparent-header-meta":"default","adv-header-id-meta":"","stick-header-meta":"default","header-above-stick-meta":"","header-main-stick-meta":"","header-below-stick-meta":"","astra-migrate-meta-layouts":"default","ast-page-background-enabled":"default","ast-page-background-meta":{"desktop":{"background-color":"var(--ast-global-color-4)","background-image":"","background-repeat":"repeat","background-position":"center center","background-size":"auto","background-attachment":"scroll","background-type":"","background-media":"","overlay-type":"","overlay-color":"","overlay-opacity":"","overlay-gradient":""},"tablet":{"background-color":"","background-image":"","background-repeat":"repeat","background-position":"center center","background-size":"auto","background-attachment":"scroll","background-type":"","background-media":"","overlay-type":"","overlay-color":"","overlay-opacity":"","overlay-gradient":""},"mobile":{"background-color":"","background-image":"","background-repeat":"repeat","background-position":"center center","background-size":"auto","background-attachment":"scroll","background-type":"","background-media":"","overlay-type":"","overlay-color":"","overlay-opacity":"","overlay-gradient":""}},"ast-content-background-meta":{"desktop":{"background-color":"var(--ast-global-color-5)","background-image":"","background-repeat":"repeat","background-position":"center center","background-size":"auto","background-attachment":"scroll","background-type":"","background-media":"","overlay-type":"","overlay-color":"","overlay-opacity":"","overlay-gradient":""},"tablet":{"background-color":"var(--ast-global-color-5)","background-image":"","background-repeat":"repeat","background-position":"center center","background-size":"auto","background-attachment":"scroll","background-type":"","background-media":"","overlay-type":"","overlay-color":"","overlay-opacity":"","overlay-gradient":""},"mobile":{"background-color":"var(--ast-global-color-5)","background-image":"","background-repeat":"repeat","background-position":"center center","background-size":"auto","background-attachment":"scroll","background-type":"","background-media":"","overlay-type":"","overlay-color":"","overlay-opacity":"","overlay-gradient":""}},"footnotes":""},"class_list":["post-1087","page","type-page","status-publish","hentry"],"_links":{"self":[{"href":"https:\/\/pm.empresaonline.net.br\/index.php\/wp-json\/wp\/v2\/pages\/1087","targetHints":{"allow":["GET"]}}],"collection":[{"href":"https:\/\/pm.empresaonline.net.br\/index.php\/wp-json\/wp\/v2\/pages"}],"about":[{"href":"https:\/\/pm.empresaonline.net.br\/index.php\/wp-json\/wp\/v2\/types\/page"}],"author":[{"embeddable":true,"href":"https:\/\/pm.empresaonline.net.br\/index.php\/wp-json\/wp\/v2\/users\/1"}],"replies":[{"embeddable":true,"href":"https:\/\/pm.empresaonline.net.br\/index.php\/wp-json\/wp\/v2\/comments?post=1087"}],"version-history":[{"count":2,"href":"https:\/\/pm.empresaonline.net.br\/index.php\/wp-json\/wp\/v2\/pages\/1087\/revisions"}],"predecessor-version":[{"id":1089,"href":"https:\/\/pm.empresaonline.net.br\/index.php\/wp-json\/wp\/v2\/pages\/1087\/revisions\/1089"}],"wp:attachment":[{"href":"https:\/\/pm.empresaonline.net.br\/index.php\/wp-json\/wp\/v2\/media?parent=1087"}],"curies":[{"name":"wp","href":"https:\/\/api.w.org\/{rel}","templated":true}]}}