{"id":11,"date":"2019-03-04T23:38:14","date_gmt":"2019-03-05T02:38:14","guid":{"rendered":"https:\/\/pm.empresaonline.net.br\/?page_id=11"},"modified":"2024-08-12T10:33:42","modified_gmt":"2024-08-12T13:33:42","slug":"policial-operacional-do-mes","status":"publish","type":"page","link":"https:\/\/pm.empresaonline.net.br\/index.php\/policial-operacional-do-mes\/","title":{"rendered":"Pol\u00edcial Operacional do M\u00eas"},"content":{"rendered":"<p>Pol\u00edcial do M\u00eas &#8211; ano 2024<br \/>\n                <img decoding=\"async\" src=\"http:\/\/pm.empresaonline.net.br\/wp-content\/uploads\/2024\/08\/julho.jpg\">            <\/p>\n<h2>\n                            ANDERSON CLEYTON MANGUEIRA DA SILVA                         <\/h2>\n<p>                    Por ter, em 05JUL24, durante patrulhamento de For\u00e7a T\u00e1tica pela SP 300, com vistas ao Tr\u00e1fico de drogas Interestadual, abordado um \u00f4nibus da linha Campo Grande\/MS a S\u00e3o Paulo\/SP. Durante a fiscaliza\u00e7\u00e3o, localizou com um passageiro 8 tijolos de maconha e, em sua bagagem, mais 12 (doze) tijolos de maconha, totalizando 20 tijolos de maconha, pesando 19,500 kg (dezenove quilos e quinhentos gramas) da droga, sendo ele preso e conduzido ao Plant\u00e3o Permanente, onde foi autuado e recolhido ao c\u00e1rcere. Em 19JUL24, em patrulhamento por Andradina, abordado um \u00f4nibus que seguia para S\u00e3o Paulo e estava estacionando no terminal rodovi\u00e1rio. Durante a entrada do policial no \u00f4nibus, um indiv\u00edduo se levantou e tentou sair do ve\u00edculo, sendo alcan\u00e7ado e abordado. Em sua mala, no compartimento de carga, localizou 24 tijolos de maconha, pesando 23,400 kg (vinte e tr\u00eas quilos e quatrocentos gramas), sendo ele preso e encaminhado ao plant\u00e3o policial, onde foi autuado e recolhido ao c\u00e1rcere. A habilidade, o tiroc\u00ednio e conhecimento policial demonstrados pelo Cb PM Cleyton foram fundamentais para a abordagem aos ve\u00edculos. Sua dedica\u00e7\u00e3o e discernimento foram essenciais para impedir que uma grande quantidade de drogas fosse distribu\u00edda e consumida, contribuindo significativamente para a luta contra o tr\u00e1fico de entorpecentes. Resultado este que gerou grande preju\u00edzo ao crime organizado. O policial se destaca tamb\u00e9m no combate aos crimes ocorridos na cidade, bem como est\u00e1 sempre atento ao cumprimento de ordens.  Al\u00e9m do mais, estas ocorr\u00eancias repercutiram nas m\u00eddias sociais de maneira positiva, o que eleva e abrilhanta o nome da Companhia de For\u00e7a T\u00e1tica e do 28\u00ba BPM\/I. \u00c9 atrav\u00e9s de a\u00e7\u00e3o como essa que fortalecemos a confian\u00e7a da sociedade em nossas for\u00e7as de seguran\u00e7a e reafirmamos nosso compromisso com a Justi\u00e7a e a Seguran\u00e7a P\u00fablica\u201d.        <!-- .pp-modal-popup --><\/p>\n<h5>\n<p style=\"margin-left:1.4pt;line-height:150%\">ANDERSON CLEYTON<br \/>\nMANGUEIRA DA SILVA <\/p>\n<\/h5>\n<p>                <img decoding=\"async\" src=\"http:\/\/pm.empresaonline.net.br\/wp-content\/uploads\/2024\/07\/junho-2.jpg\">            <\/p>\n<h2>\n                            F\u00c1BIO ROG\u00c9RIO BRAGA TORRES                        <\/h2>\n<p>                    O Cb PM Torres \u00e9 digno do reconhecimento por ter, no m\u00eas de junho de 2024, destacado-se nas miss\u00f5es de patrulhamento ostensivo da Cia de For\u00e7a T\u00e1tica do 2\u00ba BPM\/I, buscando sempre a excel\u00eancia dos servi\u00e7os prestados \u00e0 sociedade paulista. O graduado, integrante da equipe de ROCAM (Rondas Ostensivas com Apoio de Motocicleta), demonstrou empenho e preparo t\u00e9cnico no desempenho de suas fun\u00e7\u00f5es, sendo um exemplo na atividade policial com motocicletas. Ressalta-se que, no m\u00eas mencionado, o policial em tela participou de 05 (cinco) ocorr\u00eancias que resultaram na pris\u00e3o de 05 (cinco) criminosos, sendo 02 (dois) deles por Tr\u00e1fico de Entorpecentes e 03 (tr\u00eas) Procurados pela Justi\u00e7a. As ocorr\u00eancias culminaram na apreens\u00e3o de mais de 5 Kg (cinco quilogramas) de entorpecentes. Dentre as ocorr\u00eancias, destaca-se a ocorr\u00eancia de Tr\u00e1fico de Drogas\/Porte Ilegal de Arma de Fogo, em que a equipe de ROCAM da qual o Cb PM Torres integrava, prendeu um indiv\u00edduo na posse de 05 (cinco) \u201ctijolos\u201d inteiros e v\u00e1rias por\u00e7\u00f5es de maconha, 01 (um) rev\u00f3lver calibre 38 e v\u00e1rios apetrechos utilizados para embalar a droga. O indiv\u00edduo recebeu voz de pris\u00e3o e foi conduzido ao Plant\u00e3o Policial, onde permaneceu \u00e0 disposi\u00e7\u00e3o da Justi\u00e7a. Conforme exposto, fica evidente que se trata de profissional de extrema responsabilidade, confian\u00e7a e comprometido com seus deveres, pois sua conduta o torna um policial militar respeitado e admirado por todos.        <!-- .pp-modal-popup --><\/p>\n<h5>F\u00c1BIO<br \/>\nROG\u00c9RIO BRAGA TORRES<\/h5>\n<p>                <img decoding=\"async\" src=\"http:\/\/pm.empresaonline.net.br\/wp-content\/uploads\/2024\/07\/MAIO.jpg\">            <\/p>\n<h2>\n                            MARCO ANT\u00d4NIO DE LIMA                         <\/h2>\n<p>                    : Por ter, em 01 de maio de 2024, atendido a uma ocorr\u00eancia de viol\u00eancia dom\u00e9stica e verificado no local que a v\u00edtima estava com v\u00e1rias les\u00f5es causadas por um simulacro de arma de fogo. O Cb PM Lima deteve autor da viol\u00eancia, que \u00e9 filho da v\u00edtima, e localizou o objeto utilizado nas agress\u00f5es. Em seguida, a v\u00edtima foi socorrida, e as partes foram apresentadas na Delegacia de Pol\u00edcia. Em 06 de maio de 2024, deparou-se com um acidente de tr\u00e2nsito, oportunidade em que socorreu imediatamente e, com um tiroc\u00ednio agu\u00e7ado, identificou que a v\u00edtima do acidente portava irregularmente um rev\u00f3lver carregado, motivo pelo qual prendeu o homem pelo crime de porte ilegal de arma de fogo. No dia 09 de maio de 2024, ao ser acionado via 190 para uma ocorr\u00eancia envolvendo um rec\u00e9m-nascido engasgado na cidade de Birigui\/SP, dirigiu com seguran\u00e7a e agilidade at\u00e9 o local da ocorr\u00eancia, onde encontrou a m\u00e3e em desespero, com o beb\u00ea em estado cian\u00f3tico, desfalecido e sem respira\u00e7\u00e3o. Diante do estado da crian\u00e7a, realizou a manobra de Heimlich, e a crian\u00e7a voltou a respirar e chorar. Logo em seguida, conduziu imediatamente o rec\u00e9m-nascido para uma unidade hospitalar, salvando a crian\u00e7a. O policial militar demonstrou bravura, compet\u00eancia e dedica\u00e7\u00e3o exemplares em todas essas situa\u00e7\u00f5es. Sua r\u00e1pida resposta e habilidades pr\u00e1ticas n\u00e3o apenas garantiram a seguran\u00e7a e bem-estar das v\u00edtimas, mas tamb\u00e9m preveniram situa\u00e7\u00f5es potencialmente mais graves. Ele merece reconhecimento e elogios por sua atua\u00e7\u00e3o diligente e eficaz, que reflete um compromisso inabal\u00e1vel com a prote\u00e7\u00e3o e servi\u00e7o \u00e0 comunidade.        <!-- .pp-modal-popup --><\/p>\n<h5>MARCO ANT\u00d4NIO DE LIMA<\/h5>\n<p>                <img decoding=\"async\" src=\"http:\/\/pm.empresaonline.net.br\/wp-content\/uploads\/2024\/07\/ABRIL.jpg\">            <\/p>\n<h2>\n                            ALEXANDRE RODRIGUES DA SILVA                        <\/h2>\n<p>                    DURANTE O REFERIDO PER\u00cdODO, O CB PM ALEXANDRE PARTICIPOU DE DIVERSAS INTERVEN\u00c7\u00d5ES POLICIAIS, DENTRE ELAS DESTACA-SE A DO DIA 06ABR24 QUANDO, EM DESLOCAMENTO PARA REALIZAR ATIVIDADE F\u00cdSICA EXTERNA JUNTO AO SEU PELOT\u00c3O, SE DEPAROU COM UM SOLICITANTE INFORMANDO QUE EM UMA DETERMINADA RUA OCORRIA TR\u00c1FICO DE DROGAS, E QUE UTILIZAVA A CASA DE UMA MULHER PARA ESCONDER OS ENTORPECENTES. AO AVERIGUAR A DEN\u00daNCIA, UM INDIV\u00cdDUO COM AS CARACTER\u00cdSTICAS MENCIONADAS FOI ENCONTRADO E ABORDADO, SENDO DE PRONTO RECONHECIDO POR J\u00c1 POSSUIR PASSAGENS CRIMINAIS. COM ELE FORAM ENCONTRADOS 30 (TRINTA) MICROTUBOS DE COCA\u00cdNA E QUANDO QUESTIONADO, INDICOU UMA CASA UTILIZADA PARA ESCONDER OS ENTORPECENTES, FATO CONSTATADO AP\u00d3S BUSCAS E LOCALIZA\u00c7\u00c3O DE UMA BOLSA COM 365 (TREZENTOS E SESSENTA E CINCO) MICROTUBOS DE COCA\u00cdNA, UMA BALAN\u00c7A DIGITAL, UMA POR\u00c7\u00c3O A GRANEL DA MESMA DROGA E V\u00c1RIOS MICROTUBOS VAZIOS. DIANTE DOS FATOS, O INDIV\u00cdDUO FOI CONDUZIDO \u00c0 CENTRAL DE FLAGRANTES, ONDE PERMANECEU \u00c0 DISPOSI\u00c7\u00c3O DA JUSTI\u00c7A. J\u00c1 NO DIA 18ABR24, EM PATRULHAMENTO PELO MUNIC\u00cdPIO DE ARA\u00c7ATUBA, NOTOU UM VE\u00cdCULO DE APLICATIVO ONDE PASSAGEIRO, AO AVISTAR A VIATURA POLICIAL, FEZ MEN\u00c7\u00c3O DE ESCONDER O ROSTO PARA QUE N\u00c3O FOSSE RECONHECIDO. EM ABORDAGEM, FORAM LOCALIZADOS COM ELE 116 (CENTO E DEZESSEIS) MICROTUBOS DE COCA\u00cdNA E O VALOR DE R$ 61,00 EM DINHEIRO. O INDIV\u00cdDUO FOI CONDUZIDO \u00c0 CENTRAL DE FLAGRANTES, ONDE PERMANECEU \u00c0 DISPOSI\u00c7\u00c3O DA JUSTI\u00c7A. O POLICIAL EM TELA DEMONSTROU EXTREMO PROFISSIONALISMO E APRIMORAMENTO T\u00c9CNICO  POLICIAL, SENDO EXEMPLO A SER SEGUIDO POR SEU PARES AO EXERCER SUAS FUN\u00c7\u00d5ES COM INTEGRIDADE E EQUL\u00cdBRIO SEGUNDO OS PRINC\u00cdPIOS INSTITUCIONAIS DE BEM SERVIR A SOCIEDADE. DESSA FORMA, FICOU DEMONSTRADO  SEU GRANDE DEVOTAMENTO AO SERVI\u00c7O P\u00daBLICO E DEDICA\u00c7\u00c3O INTEGRAL AO BATALH\u00c3O, SENDO MERECEDOR IRRESTRITO DA PRESENTE INDICA\u00c7\u00c3O\u201d.        <!-- .pp-modal-popup --><\/p>\n<h5>ALEXANDRE<br \/>\nRODRIGUES DA SILVA<\/h5>\n<p>                <img decoding=\"async\" src=\"http:\/\/pm.empresaonline.net.br\/wp-content\/uploads\/2024\/07\/MAR\u00c7O.jpg\">            <\/p>\n<h2>\n                            ELEN MARQUES DA SILVA MASCHIO                        <\/h2>\n<p>                    Ap\u00f3s um chamado via COPOM, a equipe de pol\u00edcia militar do munic\u00edpio de Guzol\u00e2ndia constatou a veracidade da situa\u00e7\u00e3o ap\u00f3s uma conversa com uma das v\u00edtimas, a qual relatou que os trabalhadores do setor canavieiro estavam em estado de extrema vulnerabilidade, privados de seus direitos b\u00e1sicos e submetidos a condi\u00e7\u00f5es de trabalho desumanas. Estavam sem \u00e1gua pot\u00e1vel, um dos direitos fundamentais negados, e submetidos a trabalho sem os m\u00ednimos de prote\u00e7\u00e3o, al\u00e9m de utilizarem transporte em p\u00e9ssimo estado. A fome era uma realidade constante para muitos. Diante da flagrante viola\u00e7\u00e3o dos Direitos Humanos, a Cb PM Elen conduziu a equipe policial agindo com rapidez e profissionalismo para resgatar os 15 trabalhadores. N\u00e3o medindo esfor\u00e7os, acomodou-os imediatamente em um hotel tempor\u00e1rio, em conjunto com o CRAS do munic\u00edpio e posteriormente autorizado \u00e0s custas pelo Sr. que terceirizou o servi\u00e7o na \u00e1rea, e que se apresentou na delegacia posteriormente. A emo\u00e7\u00e3o tomou conta do momento em que se viram livres da opress\u00e3o e puderam sentir a esperan\u00e7a de um futuro melhor. O contratante respons\u00e1vel por essa explora\u00e7\u00e3o cruel e desumana, j\u00e1 identificado, fugiu do local com a chegada da viatura. A a\u00e7\u00e3o da Cb PM Elen conduzindo a ocorr\u00eancia, identificando o autor que se evadiu e solicitando apoio ao CRAS, resgatou 15 trabalhadores de condi\u00e7\u00f5es an\u00e1logas \u00e0 escravid\u00e3o, tornando-se merecedora do nosso mais profundo reconhecimento e admira\u00e7\u00e3o.        <!-- .pp-modal-popup --><\/p>\n<h5>ELEN MARQUES DA SILVA MASCHIO<\/h5>\n<p>                <img decoding=\"async\" src=\"http:\/\/pm.empresaonline.net.br\/wp-content\/uploads\/2024\/07\/FEVEREIRO-1.jpg\">            <\/p>\n<h2>\n                            M\u00c1RCIO JOS\u00c9 DE SOUZA FERREIRA                        <\/h2>\n<p>                    O Cb PM Ferreira \u00e9 digno do reconhecimento por ter, no m\u00eas de fevereiro de 2024, se destacado nas miss\u00f5es de patrulhamento ostensivo da Cia de For\u00e7a T\u00e1tica do 2\u00ba BPM\/I, prestando com excel\u00eancia os servi\u00e7os \u00e0 sociedade paulista. O policial militar, atuando na equipe de ROCAM, sempre demonstrou empenho e preparo t\u00e9cnico, sendo um exemplo na atividade policial. Ressalta-se que no m\u00eas referenciado o policial em tela participou de 05 (cinco) ocorr\u00eancias que resultaram na pris\u00e3o de 06 (seis) criminosos, sendo 03 (tr\u00eas) deles por Tr\u00e1fico de Drogas e 03 (tr\u00eas) indiv\u00edduos procurados pela Justi\u00e7a. As ocorr\u00eancias culminaram na apreens\u00e3o de cerca de 7 kg (sete quilos) de entorpecentes, certa quantia em dinheiro e apetrechos usados para o tr\u00e1fico. Destaca-se sua atua\u00e7\u00e3o em duas ocorr\u00eancias de tr\u00e1fico de drogas, onde em uma delas, ap\u00f3s acompanhamento, a equipe de ROCAM a qual integrava, obteve \u00eaxito em deter um indiv\u00edduo com 4 (quatro) \u201ctijolos\u201d de maconha e R$700,00 em dinheiro. Em outra ocasi\u00e3o, sua equipe de surpreendeu duas mulheres na posse de mais de 3 Kg (tr\u00eas quilos) de pasta base de coca\u00edna e R$93,00 em dinheiro. Conforme exposto, fica evidente que se trata de profissional de extrema responsabilidade, confian\u00e7a e comprometido com seus deveres, pois sua conduta o torna um policial militar respeitado e admirado por todos.        <!-- .pp-modal-popup --><\/p>\n<h5>M\u00c1RCIO JOS\u00c9 DE SOUZA FERREIRA<\/h5>\n<p>                <img decoding=\"async\" src=\"http:\/\/pm.empresaonline.net.br\/wp-content\/uploads\/2024\/07\/JANEIRO.jpg\">            <\/p>\n<h2>\n                            CARLOS ROBERTO DA SILVA                        <\/h2>\n<p>                    O CB PM C ROBERTO \u00e9 digno de tal reconhecimento por ter, no dia 29JAN24, realizado o salvamento de uma crian\u00e7a autista de 07 anos que estava trancada no banheiro e n\u00e3o respondia os chamados de sua genitora, ao chegar na resid\u00eancia foi observado atrav\u00e9s da fresta da porta do banheiro que a crian\u00e7a estava desacordada e deitada em dec\u00fabito dorsal. Diante da gravidade do fato a porta foi arrombada e a crian\u00e7a que estava com a boca e nariz parcialmente submersos pela agua e com a respira\u00e7\u00e3o lenta e fraca foi retirada do banheiro em seguida foi iniciado manobras de est\u00edmulos, momento em que a respira\u00e7\u00e3o voltou ao normal, posterior foi acionado a ambul\u00e2ncia que conduziu a crian\u00e7a ao hospital para atendimento m\u00e9dico. por todos esses fatores, o Cb PM C. Roberto, disciplinado, bom pai, bom filho, e exemplo para seus pares e subordinados foi escolhido como policial do m\u00eas de janeiro da 1\u00aa Cia\/PM\u201d        <!-- .pp-modal-popup --><\/p>\n<h5>CARLOS<br \/>\nROBERTO DA SILVA<\/h5>\n","protected":false},"excerpt":{"rendered":"<p>Pol\u00edcial do M\u00eas &#8211; ano 2024 ANDERSON CLEYTON MANGUEIRA DA SILVA Por ter, em 05JUL24, durante patrulhamento de For\u00e7a T\u00e1tica pela SP 300, com vistas ao Tr\u00e1fico de drogas Interestadual, abordado um \u00f4nibus da linha Campo Grande\/MS a S\u00e3o Paulo\/SP. Durante a fiscaliza\u00e7\u00e3o, localizou com um passageiro 8 tijolos de maconha e, em sua bagagem, [&hellip;]<\/p>\n","protected":false},"author":1,"featured_media":0,"parent":0,"menu_order":0,"comment_status":"closed","ping_status":"closed","template":"","meta":{"site-sidebar-layout":"default","site-content-layout":"default","ast-site-content-layout":"","site-content-style":"default","site-sidebar-style":"default","ast-global-header-display":"","ast-banner-title-visibility":"","ast-main-header-display":"","ast-hfb-above-header-display":"","ast-hfb-below-header-display":"","ast-hfb-mobile-header-display":"","site-post-title":"disabled","ast-breadcrumbs-content":"","ast-featured-img":"","footer-sml-layout":"","theme-transparent-header-meta":"default","adv-header-id-meta":"","stick-header-meta":"default","header-above-stick-meta":"","header-main-stick-meta":"","header-below-stick-meta":"","astra-migrate-meta-layouts":"default","ast-page-background-enabled":"default","ast-page-background-meta":{"desktop":{"background-color":"var(--ast-global-color-4)","background-image":"","background-repeat":"repeat","background-position":"center center","background-size":"auto","background-attachment":"scroll","background-type":"","background-media":"","overlay-type":"","overlay-color":"","overlay-opacity":"","overlay-gradient":""},"tablet":{"background-color":"","background-image":"","background-repeat":"repeat","background-position":"center center","background-size":"auto","background-attachment":"scroll","background-type":"","background-media":"","overlay-type":"","overlay-color":"","overlay-opacity":"","overlay-gradient":""},"mobile":{"background-color":"","background-image":"","background-repeat":"repeat","background-position":"center center","background-size":"auto","background-attachment":"scroll","background-type":"","background-media":"","overlay-type":"","overlay-color":"","overlay-opacity":"","overlay-gradient":""}},"ast-content-background-meta":{"desktop":{"background-color":"var(--ast-global-color-5)","background-image":"","background-repeat":"repeat","background-position":"center center","background-size":"auto","background-attachment":"scroll","background-type":"","background-media":"","overlay-type":"","overlay-color":"","overlay-opacity":"","overlay-gradient":""},"tablet":{"background-color":"var(--ast-global-color-5)","background-image":"","background-repeat":"repeat","background-position":"center center","background-size":"auto","background-attachment":"scroll","background-type":"","background-media":"","overlay-type":"","overlay-color":"","overlay-opacity":"","overlay-gradient":""},"mobile":{"background-color":"var(--ast-global-color-5)","background-image":"","background-repeat":"repeat","background-position":"center center","background-size":"auto","background-attachment":"scroll","background-type":"","background-media":"","overlay-type":"","overlay-color":"","overlay-opacity":"","overlay-gradient":""}},"footnotes":""},"class_list":["post-11","page","type-page","status-publish","hentry"],"_links":{"self":[{"href":"https:\/\/pm.empresaonline.net.br\/index.php\/wp-json\/wp\/v2\/pages\/11","targetHints":{"allow":["GET"]}}],"collection":[{"href":"https:\/\/pm.empresaonline.net.br\/index.php\/wp-json\/wp\/v2\/pages"}],"about":[{"href":"https:\/\/pm.empresaonline.net.br\/index.php\/wp-json\/wp\/v2\/types\/page"}],"author":[{"embeddable":true,"href":"https:\/\/pm.empresaonline.net.br\/index.php\/wp-json\/wp\/v2\/users\/1"}],"replies":[{"embeddable":true,"href":"https:\/\/pm.empresaonline.net.br\/index.php\/wp-json\/wp\/v2\/comments?post=11"}],"version-history":[{"count":50,"href":"https:\/\/pm.empresaonline.net.br\/index.php\/wp-json\/wp\/v2\/pages\/11\/revisions"}],"predecessor-version":[{"id":1385,"href":"https:\/\/pm.empresaonline.net.br\/index.php\/wp-json\/wp\/v2\/pages\/11\/revisions\/1385"}],"wp:attachment":[{"href":"https:\/\/pm.empresaonline.net.br\/index.php\/wp-json\/wp\/v2\/media?parent=11"}],"curies":[{"name":"wp","href":"https:\/\/api.w.org\/{rel}","templated":true}]}}