{"id":571,"date":"2017-08-01T12:13:17","date_gmt":"2017-08-01T15:13:17","guid":{"rendered":"https:\/\/websitedemos.net\/law-free\/?page_id=11"},"modified":"2023-08-03T16:05:53","modified_gmt":"2023-08-03T19:05:53","slug":"cpi10","status":"publish","type":"page","link":"https:\/\/pm.empresaonline.net.br\/index.php\/cpi10\/","title":{"rendered":"Cpi-10"},"content":{"rendered":"<p><img loading=\"lazy\" decoding=\"async\" width=\"120\" height=\"114\" src=\"http:\/\/pm.empresaonline.net.br\/wp-content\/uploads\/2023\/08\/01.jpg\" alt=\"\" \/>\t\t\t\t\t\t\t\t\t\t\t<\/p>\n<p>O SIGNIFICADO<\/p>\n<p>\u00a0O Bras\u00e3o ser\u00e1 um escudo Portugu\u00eas cl\u00e1ssico semi partido e cortado, tendo no primeiro campo, de goles (vermelho), que simboliza a aud\u00e1cia, grandeza e esp\u00edrito de luta, duas pistolas cruzadas em ouro, que \u00e9 emblema de Pol\u00edcia Militar.<\/p>\n<p style=\"text-align: left;\">\u00a0\u00a0\u00a0 No segundo campo, em prata, que simboliza o ideal, o dever e a lealdade,o escudo da Pol\u00edcia Militar do Estado de S\u00e3o Paulo (que \u00e9 parte do Bras\u00e3o da Pol\u00edcia Militar), para particularizar nossa Corpora\u00e7\u00e3o.<br style=\"color: #000000;\" \/>\u00a0\u00a0\u00a0 No terceiro campo em blau (azul), cor representativa da justi\u00e7a, nobreza, perseveran\u00e7a, const\u00e2ncia, zelo e lealdade, com um raio de jalne (ouro) posto em pala, s\u00edmbolo da pot\u00eancia e contrachefe diminuto ondado em prata (branco) lembrando as grandes por\u00e7\u00f5es de \u00e1gua, aludindo aos rios caudalosos, as \u00e1guas represadas e as usinas hidrel\u00e9tricas que v\u00eam a ser caracter\u00edstica marcante do Comando de Policiamento do interior \u2013 10.<br style=\"color: #000000;\" \/>\u00a0\u00a0\u00a0 Num listel de goles (vermelho), em letras de prata, a legenda:<\/p>\n<p style=\"text-align: left;\">\u00a0\u00a0<img loading=\"lazy\" decoding=\"async\" style=\"font-weight: inherit; font-family: Arial, Helvetica, sans-serif; font-size: x-large;\" src=\"http:\/\/pm.empresaonline.net.br\/wp-content\/uploads\/2023\/08\/12.png\" alt=\"\" width=\"204\" height=\"335\" \/><\/p>\n<table style=\"color: #000000; font-family: 'Times New Roman'; font-size: medium; font-style: normal; font-weight: 400; text-align: start;\" border=\"0\" width=\"756\">\n<tbody>\n<tr>\n<td colspan=\"2\"><center>&#8220;CPI &#8211; 10&#8221;<\/center><\/td>\n<\/tr>\n<tr>\n<td width=\"501\">As cores her\u00e1ldicas da OPM s\u00e3o: amarelo, vermelho e azul.Publicado no Boletim Geral n\u00ba 166 de 01 de setembro de 2010.<\/td>\n<\/tr>\n<\/tbody>\n<\/table>\n<p>\t\t\t\t\t\t\t\t\t\t<img loading=\"lazy\" decoding=\"async\" width=\"120\" height=\"114\" src=\"http:\/\/pm.empresaonline.net.br\/wp-content\/uploads\/2023\/08\/2.jpg\" alt=\"\" \/>\t\t\t\t\t\t\t\t\t\t\t<\/p>\n<p style=\"color: #000000; font-family: 'Times New Roman'; font-size: medium; font-style: normal; font-weight: 400; text-align: justify;\">Remonta a hist\u00f3ria da Unidade aos idos tempos em que era apenas Destacamento Policial Militar de Ara\u00e7atuba, subordinado ao 4\u00ba Batalh\u00e3o de Ca\u00e7adores de Bauru.<\/p>\n<p style=\"color: #000000; font-family: 'Times New Roman'; font-size: medium; font-style: normal; font-weight: 400; text-align: justify;\">Em 11 de Junho de 1957, foi instalada em Ara\u00e7atuba a 2\u00aa Cia do 4\u00ba BC sob Comando do ent\u00e3o Cap PM Jair Foresti. Desmembrou-se do 4\u00ba BC em 27 de Maio de 1966 pois criava-se a ent\u00e3o 3\u00aa Cia Independente, face ao crescimento da popula\u00e7\u00e3o da regi\u00e3o.<\/p>\n<p style=\"color: #000000; font-family: 'Times New Roman'; font-size: medium; font-style: normal; font-weight: 400; text-align: justify;\">O Decreto Estadual n\u00ba 9133 de 15 de dezembro de 1.965 e o decreto n\u00ba 45930, de 24 de Fevereiro de 1966, publicado no Boletim Geral n\u00ba 90\/65, regularizou o funcionamento da 3\u00aa Cia Independente, que foi inaugurada em solenidade presidida pelo Exmo. Sr. General de Divis\u00e3o Jo\u00e3o Franco Fontes, Comandante Geral da Corpora\u00e7\u00e3o na \u00e9poca.<\/p>\n<p style=\"color: #000000; font-family: 'Times New Roman'; font-size: medium; font-style: normal; font-weight: 400; text-align: justify;\">Em 16 de Julho de 1970 o Boletim Especial n\u00ba 01\/70, criava o 1\u00ba Grupamento de Policiamento Integrado (1\u00ba GPI), j\u00e1 no pr\u00e9dio que abriga hoje o 2\u00ba BPM\/I.<\/p>\n<p style=\"color: #000000; font-family: 'Times New Roman'; font-size: medium; font-style: normal; font-weight: 400; text-align: justify;\">Em 1\u00ba de Mar\u00e7o de 1971, o 1\u00ba GPI deixava de existir transformando-se no 36\u00ba BPM, tendo como Comandante o Ten Cel PM Jos\u00e9 Leite Barbosa.<\/p>\n<p style=\"color: #000000; font-family: 'Times New Roman'; font-size: medium; font-style: normal; font-weight: 400; text-align: justify;\">Em 1975, com a nova Organiza\u00e7\u00e3o da Pol\u00edcia Militar do Estado de S\u00e3o Paulo, foi criado o 2\u00ba BPM\/I, atrav\u00e9s do Decreto n\u00ba 7289, com uma \u00e1rea maior de jurisdi\u00e7\u00e3o e a instala\u00e7\u00e3o da 3\u00aa Cia de Policiamento na cidade de Ilha Solteira.<\/p>\n<p style=\"color: #000000; font-family: 'Times New Roman'; font-size: medium; font-style: normal; font-weight: 400; text-align: justify;\">Com o Decreto n\u00ba 24572, de 27 de dezembro de 1985, o 2\u00ba Batalh\u00e3o de Pol\u00edcia Militar do Interior foi reestruturado e hoje abrange 31 Munic\u00edpios distribu\u00eddos em sete Cias\/PM.<\/p>\n<p style=\"color: #000000; font-family: 'Times New Roman'; font-size: medium; font-style: normal; font-weight: 400; text-align: justify;\">Em 1999, com uma Reorganiza\u00e7\u00e3o da Pol\u00edcia Militar do Estado de S\u00e3o Paulo, foi extinto o CPA\/I-5, em 19 de junho de 2010, foi criado o CPI-10 comforme Decreto abaixo.<\/p>\n<p style=\"color: #000000; font-family: 'Times New Roman'; font-size: medium; font-style: normal; font-weight: 400; text-align: justify;\">DOE \u2022 N\u00ba 115 \u2022 DE 19 de junho de 2010<br \/>DECRETO N\u00ba 55.926,<br \/>DE 18 DE JUNHO DE 2010<br \/>Cria o Comando de Policiamento do Interior-10 (CPI-10), sediado em Ara\u00e7atuba, altera o Decreto n\u00ba 55.742, de 27 de abril de 2010, que disp\u00f5e sobre a estrutura\u00e7\u00e3o da Pol\u00edcia Militar do Estado de S\u00e3o Paulo e d\u00e1 provid\u00eancias correlatas ALBERTO GOLDMAN, Governador do Estado de S\u00e3o Paulo, no uso de suas atribui\u00e7\u00f5es legais,<br \/>Decreta:<br \/>Artigo 1\u00ba &#8211; Fica criado, na Pol\u00edcia Militar do Estado de S\u00e3o Paulo, como \u00d3rg\u00e3o de Execu\u00e7\u00e3o, subordinado ao Subcmt PM, o Comando de Policiamento do Interior-10 (CPI-10), sediado em Ara\u00e7atuba.<br \/>Artigo 2\u00ba &#8211; Os dispositivos adiante relacionados do Decreto n\u00ba 55.742, de 27 de abril de 2010, passam a vigorar com a seguinte reda\u00e7\u00e3o:<br \/>Artigo 3\u00ba &#8211; Ficam acrescentados ao Decreto n\u00ba 55.742, de 27 de abril de 2010, os dispositivos adiante relacionados, com a seguinte reda\u00e7\u00e3o:<br \/>I &#8211; ao inciso I do artigo 7\u00ba, a al\u00ednea \u201cl\u201d:<br \/>\u201c l) Comando de Policiamento do Interior-10 (CPI- 10), sediado em Ara\u00e7atuba: Regi\u00e3o Administrativa de Ara\u00e7atuba;\u201d;<br \/>II &#8211; o artigo \u201c18-A\u201d:<br \/>\u201c Artigo 18-A &#8211; Ao Comando de Policiamento do Interior-10 (CPI-10) subordinam-se as seguintes Unidades de Policiamento, que atuar\u00e3o em suas respectivas \u00e1reas territoriais, a seguir especificadas:<br \/>I &#8211; 2\u00ba Batalh\u00e3o de Pol\u00edcia Militar do Interior (2\u00ba BPM\/I), sediado em Ara\u00e7atuba: Regi\u00e3o de Governo de Ara\u00e7atuba;<br \/>II &#8211; 28\u00ba Batalh\u00e3o de Pol\u00edcia Militar do Interior (28\u00ba BPM\/I), sediado em Andradina: Regi\u00e3o de Governo de Andradina.\u201d.<br \/>Artigo 4\u00ba &#8211; O efetivo da Pol\u00edcia Militar do Estado de S\u00e3o Paulo fica distribu\u00eddo na conformidade do Quadro de Organiza\u00e7\u00e3o (QO) constante do Anexo, que faz parte integrante deste decreto.<br \/>Artigo 5\u00ba &#8211; Este decreto entra em vigor na data de sua publica\u00e7\u00e3o, ficando revogadas as disposi\u00e7\u00f5es em contr\u00e1rio, em especial o artigo 30 do Decreto n\u00ba 55.742, de 27 de abril de 2010.<br \/>DISPOSI\u00c7\u00d5ES TRANSIT\u00d3RIAS<br \/>Artigo 1\u00ba &#8211; O Comandante Geral da Pol\u00edcia Militar, no prazo de 30 (trinta) dias contados da data de publica\u00e7\u00e3o deste decreto, instalar\u00e1 o CPI-10 e providenciar\u00e1 a distribui\u00e7\u00e3o pormenorizada do efetivo e dos meios necess\u00e1rios \u00e0s suas atividades, cabendo aos \u00d3rg\u00e3os de Dire\u00e7\u00e3o respons\u00e1veis os ajustes das rotinas administrativas para o perfeito funcionamento da nova OPM.<br \/>Artigo 2\u00ba &#8211; At\u00e9 que seja instalado o CPI-10, o CPI-5 ser\u00e1 respons\u00e1vel pelo controle das rotinas administrativas relativas \u00e0s OPM envolvidas.<br \/>Pal\u00e1cio dos Bandeirantes, 18 de junho de 2010<br \/>ALBERTO GOLDMAN<br \/>Antonio Ferreira Pinto<br \/>Secret\u00e1rio da Seguran\u00e7a P\u00fablica<br \/>Luiz Antonio Guimar\u00e3es Marrey<br \/>Secret\u00e1rio-Chefe da Casa Civil<br \/>Publicado na Casa Civil, aos 18 de junho de 2010.<\/p>\n","protected":false},"excerpt":{"rendered":"<p>O SIGNIFICADO \u00a0O Bras\u00e3o ser\u00e1 um escudo Portugu\u00eas cl\u00e1ssico semi partido e cortado, tendo no primeiro campo, de goles (vermelho), que simboliza a aud\u00e1cia, grandeza e esp\u00edrito de luta, duas pistolas cruzadas em ouro, que \u00e9 emblema de Pol\u00edcia Militar. \u00a0\u00a0\u00a0 No segundo campo, em prata, que simboliza o ideal, o dever e a lealdade,o [&hellip;]<\/p>\n","protected":false},"author":1,"featured_media":0,"parent":0,"menu_order":0,"comment_status":"closed","ping_status":"closed","template":"","meta":{"site-sidebar-layout":"no-sidebar","site-content-layout":"page-builder","ast-site-content-layout":"","site-content-style":"default","site-sidebar-style":"default","ast-global-header-display":"","ast-banner-title-visibility":"","ast-main-header-display":"","ast-hfb-above-header-display":"","ast-hfb-below-header-display":"","ast-hfb-mobile-header-display":"","site-post-title":"disabled","ast-breadcrumbs-content":"","ast-featured-img":"","footer-sml-layout":"","theme-transparent-header-meta":"","adv-header-id-meta":"","stick-header-meta":"","header-above-stick-meta":"","header-main-stick-meta":"","header-below-stick-meta":"","astra-migrate-meta-layouts":"default","ast-page-background-enabled":"default","ast-page-background-meta":{"desktop":{"background-color":"var(--ast-global-color-4)","background-image":"","background-repeat":"repeat","background-position":"center center","background-size":"auto","background-attachment":"scroll","background-type":"","background-media":"","overlay-type":"","overlay-color":"","overlay-opacity":"","overlay-gradient":""},"tablet":{"background-color":"","background-image":"","background-repeat":"repeat","background-position":"center center","background-size":"auto","background-attachment":"scroll","background-type":"","background-media":"","overlay-type":"","overlay-color":"","overlay-opacity":"","overlay-gradient":""},"mobile":{"background-color":"","background-image":"","background-repeat":"repeat","background-position":"center center","background-size":"auto","background-attachment":"scroll","background-type":"","background-media":"","overlay-type":"","overlay-color":"","overlay-opacity":"","overlay-gradient":""}},"ast-content-background-meta":{"desktop":{"background-color":"var(--ast-global-color-5)","background-image":"","background-repeat":"repeat","background-position":"center center","background-size":"auto","background-attachment":"scroll","background-type":"","background-media":"","overlay-type":"","overlay-color":"","overlay-opacity":"","overlay-gradient":""},"tablet":{"background-color":"var(--ast-global-color-5)","background-image":"","background-repeat":"repeat","background-position":"center center","background-size":"auto","background-attachment":"scroll","background-type":"","background-media":"","overlay-type":"","overlay-color":"","overlay-opacity":"","overlay-gradient":""},"mobile":{"background-color":"var(--ast-global-color-5)","background-image":"","background-repeat":"repeat","background-position":"center center","background-size":"auto","background-attachment":"scroll","background-type":"","background-media":"","overlay-type":"","overlay-color":"","overlay-opacity":"","overlay-gradient":""}},"footnotes":""},"class_list":["post-571","page","type-page","status-publish","hentry"],"_links":{"self":[{"href":"https:\/\/pm.empresaonline.net.br\/index.php\/wp-json\/wp\/v2\/pages\/571","targetHints":{"allow":["GET"]}}],"collection":[{"href":"https:\/\/pm.empresaonline.net.br\/index.php\/wp-json\/wp\/v2\/pages"}],"about":[{"href":"https:\/\/pm.empresaonline.net.br\/index.php\/wp-json\/wp\/v2\/types\/page"}],"author":[{"embeddable":true,"href":"https:\/\/pm.empresaonline.net.br\/index.php\/wp-json\/wp\/v2\/users\/1"}],"replies":[{"embeddable":true,"href":"https:\/\/pm.empresaonline.net.br\/index.php\/wp-json\/wp\/v2\/comments?post=571"}],"version-history":[{"count":6,"href":"https:\/\/pm.empresaonline.net.br\/index.php\/wp-json\/wp\/v2\/pages\/571\/revisions"}],"predecessor-version":[{"id":1164,"href":"https:\/\/pm.empresaonline.net.br\/index.php\/wp-json\/wp\/v2\/pages\/571\/revisions\/1164"}],"wp:attachment":[{"href":"https:\/\/pm.empresaonline.net.br\/index.php\/wp-json\/wp\/v2\/media?parent=571"}],"curies":[{"name":"wp","href":"https:\/\/api.w.org\/{rel}","templated":true}]}}