{"id":572,"date":"2017-08-01T12:13:18","date_gmt":"2017-08-01T12:13:18","guid":{"rendered":"https:\/\/websitedemos.net\/law-free\/?page_id=12"},"modified":"2023-06-19T16:09:59","modified_gmt":"2023-06-19T19:09:59","slug":"contact","status":"publish","type":"page","link":"https:\/\/pm.empresaonline.net.br\/index.php\/contact\/","title":{"rendered":"Contact"},"content":{"rendered":"<h2>Contato<\/h2>\n<h3>\n\t\t\t\t\tLocaliza\u00e7\u00e3o<br \/>\n\t\t\t\t<\/h3>\n<\/p>\n<p><strong>End: Rua Capit\u00e3o Alberto Mendes J\u00fanior<\/strong><br \/><strong>N\u00famero: 238 &#8211; Bairro Avia\u00e7\u00e3o\u00a0 &#8211; Ara\u00e7atuba\/SP<\/strong><\/p>\n<p><strong><a title=\"Ligar pelo Hangouts\" href=\"https:\/\/www.google.com\/search?q=2+batalhao+de+policia+ambiental&amp;oq=2+batalhao+de+policia+am&amp;aqs=chrome.1.69i57j0.7293j0j1&amp;sourceid=chrome&amp;ie=UTF-8#\" data-number=\"+551836431240\" data-pstn-out-call-url=\"\" data-rtid=\"iC6uM5CzOB10\" data-ved=\"2ahUKEwjbjMmg2evgAhWUE7kGHeU8DJ0QkAgoADASegQIDRAD\">(18) 2102-5200<\/a><\/strong><br \/><strong>Email : cpi10@policiamilitar.sp.gov.br<\/strong><\/p>\n<p>Entre em contato por E-mail<\/p>\n<h2>Envie Mensagem <\/h2>\n<p>\t\t[contact-form-7 id=&#8221;260&#8243; title=&#8221;Contact Form 2&#8243;]<br \/>\n\t\t\t<iframe frameborder=\"0\" scrolling=\"no\" marginheight=\"0\" marginwidth=\"0\" src=\"https:\/\/maps.google.com\/maps?q=%20Endere%C3%A7o%3A%20R.%20Cap.%20Alberto%20Mendes%20J%C3%BAnior%2C%20238%20-%20Aviacao%2C%20Ara%C3%A7atuba%20-%20SP%2C%2016055-535&amp;t=m&amp;z=10&amp;output=embed&amp;iwloc=near\" aria-label=\" Endere\u00e7o: R. Cap. Alberto Mendes J\u00fanior, 238 - Aviacao, Ara\u00e7atuba - SP, 16055-535\"><\/iframe><\/p>\n","protected":false},"excerpt":{"rendered":"<p>Contato Localiza\u00e7\u00e3o End: Rua Capit\u00e3o Alberto Mendes J\u00faniorN\u00famero: 238 &#8211; Bairro Avia\u00e7\u00e3o\u00a0 &#8211; Ara\u00e7atuba\/SP (18) 2102-5200Email : cpi10@policiamilitar.sp.gov.br Entre em contato por E-mail Envie Mensagem [contact-form-7 id=&#8221;260&#8243; title=&#8221;Contact Form 2&#8243;]<\/p>\n","protected":false},"author":1,"featured_media":0,"parent":0,"menu_order":0,"comment_status":"closed","ping_status":"closed","template":"","meta":{"site-sidebar-layout":"no-sidebar","site-content-layout":"page-builder","ast-site-content-layout":"","site-content-style":"default","site-sidebar-style":"default","ast-global-header-display":"","ast-banner-title-visibility":"","ast-main-header-display":"","ast-hfb-above-header-display":"","ast-hfb-below-header-display":"","ast-hfb-mobile-header-display":"","site-post-title":"disabled","ast-breadcrumbs-content":"","ast-featured-img":"","footer-sml-layout":"","theme-transparent-header-meta":"","adv-header-id-meta":"","stick-header-meta":"","header-above-stick-meta":"","header-main-stick-meta":"","header-below-stick-meta":"","astra-migrate-meta-layouts":"default","ast-page-background-enabled":"default","ast-page-background-meta":{"desktop":{"background-color":"var(--ast-global-color-4)","background-image":"","background-repeat":"repeat","background-position":"center center","background-size":"auto","background-attachment":"scroll","background-type":"","background-media":"","overlay-type":"","overlay-color":"","overlay-opacity":"","overlay-gradient":""},"tablet":{"background-color":"","background-image":"","background-repeat":"repeat","background-position":"center center","background-size":"auto","background-attachment":"scroll","background-type":"","background-media":"","overlay-type":"","overlay-color":"","overlay-opacity":"","overlay-gradient":""},"mobile":{"background-color":"","background-image":"","background-repeat":"repeat","background-position":"center center","background-size":"auto","background-attachment":"scroll","background-type":"","background-media":"","overlay-type":"","overlay-color":"","overlay-opacity":"","overlay-gradient":""}},"ast-content-background-meta":{"desktop":{"background-color":"var(--ast-global-color-5)","background-image":"","background-repeat":"repeat","background-position":"center center","background-size":"auto","background-attachment":"scroll","background-type":"","background-media":"","overlay-type":"","overlay-color":"","overlay-opacity":"","overlay-gradient":""},"tablet":{"background-color":"var(--ast-global-color-5)","background-image":"","background-repeat":"repeat","background-position":"center center","background-size":"auto","background-attachment":"scroll","background-type":"","background-media":"","overlay-type":"","overlay-color":"","overlay-opacity":"","overlay-gradient":""},"mobile":{"background-color":"var(--ast-global-color-5)","background-image":"","background-repeat":"repeat","background-position":"center center","background-size":"auto","background-attachment":"scroll","background-type":"","background-media":"","overlay-type":"","overlay-color":"","overlay-opacity":"","overlay-gradient":""}},"footnotes":""},"class_list":["post-572","page","type-page","status-publish","hentry"],"_links":{"self":[{"href":"https:\/\/pm.empresaonline.net.br\/index.php\/wp-json\/wp\/v2\/pages\/572","targetHints":{"allow":["GET"]}}],"collection":[{"href":"https:\/\/pm.empresaonline.net.br\/index.php\/wp-json\/wp\/v2\/pages"}],"about":[{"href":"https:\/\/pm.empresaonline.net.br\/index.php\/wp-json\/wp\/v2\/types\/page"}],"author":[{"embeddable":true,"href":"https:\/\/pm.empresaonline.net.br\/index.php\/wp-json\/wp\/v2\/users\/1"}],"replies":[{"embeddable":true,"href":"https:\/\/pm.empresaonline.net.br\/index.php\/wp-json\/wp\/v2\/comments?post=572"}],"version-history":[{"count":6,"href":"https:\/\/pm.empresaonline.net.br\/index.php\/wp-json\/wp\/v2\/pages\/572\/revisions"}],"predecessor-version":[{"id":865,"href":"https:\/\/pm.empresaonline.net.br\/index.php\/wp-json\/wp\/v2\/pages\/572\/revisions\/865"}],"wp:attachment":[{"href":"https:\/\/pm.empresaonline.net.br\/index.php\/wp-json\/wp\/v2\/media?parent=572"}],"curies":[{"name":"wp","href":"https:\/\/api.w.org\/{rel}","templated":true}]}}