{"id":970,"date":"2023-06-28T16:52:10","date_gmt":"2023-06-28T19:52:10","guid":{"rendered":"https:\/\/pm.empresaonline.net.br\/?page_id=970"},"modified":"2024-08-12T10:37:09","modified_gmt":"2024-08-12T13:37:09","slug":"policial-administrativo-do-mes","status":"publish","type":"page","link":"https:\/\/pm.empresaonline.net.br\/index.php\/policial-administrativo-do-mes\/","title":{"rendered":"Pol\u00edcial Administrativo do M\u00eas"},"content":{"rendered":"<p>Pol\u00edcial Administrativo<br \/> do M\u00eas<br \/>\n                <img decoding=\"async\" src=\"http:\/\/pm.empresaonline.net.br\/wp-content\/uploads\/2024\/08\/ARTE-1.jpg\">            <\/p>\n<h2>\n                            ANT\u00d4NIO CARLOS MODESTO                        <\/h2>\n<p>                    POR TER, DURANTE TODO O TRANSCORRER DO M\u00caS DE JULHO DE 2024, NA FUN\u00c7\u00c3O DE COMANDANTE DO 1\u00ba GP PM DE NOVA LUZIT\u00c2NIA E DO 2\u00ba GP PM DE GAST\u00c3O VIDIGAL, TRABALHADO COM MUITA COMPET\u00caNCIA E MAESTRIA NO SERVI\u00c7O ADMINISTRATIVO QUANTO NO COMANDO DO RESPECTIVO EFETIVO, O 2\u00ba SGT PM MODESTO DEMONSTROU SER UM PROFISSIONAL DE EXTREMA CAPACIDADE, DEDICADO E ALTAMENTE COMPROMETIDO COM A FUN\u00c7\u00c3O P\u00daBLICA QUE EXERCE. MOSTROU-SE ZELOSO E CAPAZ DIANTE DAS DIVERSAS DIFICULDADES QUE SURGIRAM NO DECORRER DO SERVI\u00c7O, N\u00c3O MEDINDO ESFOR\u00c7OS PARA SE MANTER ATUALIZADO FRENTE \u00c0S NOVAS SISTEM\u00c1TICAS E NORMAS IMPLANTADAS PELA POL\u00cdCIA MILITAR. AL\u00c9M DISSO, PRIORIZA O TRABALHO EM EQUIPE, SENDO CORDIAL E COMPANHEIRO, BUSCANDO SEMPRE A MELHORIA CONT\u00cdNUA DO SERVI\u00c7O. POR SUA POSTURA PROATIVA, CAR\u00c1TER, HONRADEZ E AMOR \u00c0 CAUSA P\u00daBLICA, O 2\u00ba SGT PM MODESTO \u00c9 UM EXEMPLO A SER SEGUIDO POR SEUS PARES E SUBORDINADOS, MERECENDO O RECONHECIMENTO IRRESTRITO POR PARTE DE SEUS SUPERIORES HIER\u00c1RQUICOS E CONSTITUINDO-SE DIGNO MERECEDOR DA PRESENTE INDICA\u00c7\u00c3O.        <!-- .pp-modal-popup --><\/p>\n<h5>\n<p style=\"margin-left:1.4pt;line-height:150%\">ANTONIO CARLOS MODESTO<\/p>\n<\/h5>\n<p>                <img decoding=\"async\" src=\"http:\/\/pm.empresaonline.net.br\/wp-content\/uploads\/2024\/07\/junho-4.jpg\">            <\/p>\n<h2>\n                            MARINEZ XAVIER DA SILVA CORDEIRO                        <\/h2>\n<p>                    S\u00cdNTESE HIST\u00d3RICA: \u201cDURANTE O M\u00caS DE MAIO, O AUXILIAR CORRECIONAL DE POL\u00cdCIA JUDICI\u00c1RIA MILITAR E DISCIPLINA DO CPI-10, SE DESTACOU NAS ATIVIDADES DESENVOLVIDAS NA SE\u00c7\u00c3O, POIS, FORAM V\u00c1RIOS OS PROCESSOS E PROCEDIMENTOS ADMINISTRATIVOS MILITARES QUE SANEOU E, INCLUSIVE, AUXILIOU A INSTRU\u00c7\u00c3O DE PROCEDIMENTOS DISCIPLINARES DE OUTRAS SE\u00c7\u00d5ES, CUMPRINDO COM MAESTRIA A MISS\u00c3O QUE LHE FOI CONFIADA. POLICIAL MILITAR QUE SEMPRE DEMONSTROU MUITA DEDICA\u00c7\u00c3O, PROFISSIONALISMO E CONQUISTOU A CONFIAN\u00c7A DOS SEUS SUPERIORES, PARES E SUBORDINADOS, TRABALHANDO INCANSAVELMENTE PARA CUMPRIR PRAZOS, DEMONSTRANDO ASSIM, SEU COMPROMETIMENTO COM O SERVI\u00c7O POLICIAL MILITAR, REALIZANDO SUAS ATRIBUI\u00c7\u00d5ES COM AMOR \u00c0 CAUSA P\u00daBLICA, SENDO DIGNO DE TAL HONRARIA PELA SUA CONTRIBUI\u00c7\u00c3O EM PROL DA SOCIEDADE E DA POL\u00cdCIA MILITAR DO ESTADO DE S\u00c3O PAULO.        <!-- .pp-modal-popup --><\/p>\n<h5>\n<p style=\"margin-left:1.4pt;line-height:150%\">MARINEZ XAVIER DA<br \/>\nSILVA CORDEIRO<o:p><\/o:p><\/p>\n<\/h5>\n<p>                <img decoding=\"async\" src=\"http:\/\/pm.empresaonline.net.br\/wp-content\/uploads\/2024\/07\/MAIO-1.jpg\">            <\/p>\n<h2>\n                            MARIO SERGIO CASTALDELLI                        <\/h2>\n<p>                    O oficial \u00e9 provido de alto grau de comprometimento com a Institui\u00e7\u00e3o e com a se\u00e7\u00e3o em que serve, o servi\u00e7o reservado. Contando j\u00e1 com 21 anos de efetivo servi\u00e7o, sempre se destacou pela determina\u00e7\u00e3o e disciplina em todas as fun\u00e7\u00f5es que desempenhou na Unidade, desde que aqui chegou, atuando como Comando de For\u00e7a, onde alcan\u00e7ou resultados expressivos. Na se\u00e7\u00e3o P\/2, vem de destacando positivamente pela sua atua\u00e7\u00e3o altamente profissional, seja no planejamento das opera\u00e7\u00f5es de combate ao crime, que foram coroadas de \u00eaxito, seja no planejamento das miss\u00f5es cotidianas, demonstrando claramente seu amor \u00e0 profiss\u00e3o. Profissional de grande educa\u00e7\u00e3o e postura ilibada, a todos trata com a mesma urbanidade, dedica\u00e7\u00e3o e respeito, fatores que o tornam digno do presente reconhecimento\u201d.         <!-- .pp-modal-popup --><\/p>\n<h5>MARIO<br \/>\nSERGIO CASTALDELLI<\/h5>\n<p>                <img decoding=\"async\" src=\"http:\/\/pm.empresaonline.net.br\/wp-content\/uploads\/2024\/07\/ABRIL-3.jpg\">            <\/p>\n<h2>\n                            ANDR\u00c9 DAVI MARTINS DE SOUZA                        <\/h2>\n<p>                    S\u00cdNTESE HIST\u00d3RICA: O graduado possui 29 anos e 11 meses de trabalho na Corpora\u00e7\u00e3o, totalmente dedicados a servir e proteger \u00e0 sociedade paulista. Na Administra\u00e7\u00e3o desde 2016, sempre envidou seus maiores esfor\u00e7os em contribuir para o bom andamento do servi\u00e7o administrativo da melhor forma, na esfera de suas atribui\u00e7\u00f5es. Atuando como auxiliar na se\u00e7\u00e3o de Comunica\u00e7\u00e3o Social, se empenha em divulgar as boas a\u00e7\u00f5es e ocorr\u00eancias positivas em toda a m\u00eddia local e regional, al\u00e9m das redes sociais do 28\u00ba BPM\/I, elevando assim o bom nome da Institui\u00e7\u00e3o, que \u00e9 reconhecida pela popula\u00e7\u00e3o em n\u00edvel de excel\u00eancia pelos seus expressivos resultados operacionais. Atua ainda no apoio \u00e0 modalidade PROERD, assessorando os policiais professores no suporte e na organiza\u00e7\u00e3o das formaturas, onde atua como protocolo. Como auxiliar na se\u00e7\u00e3o Gabinete de Treinamento, atua no planejamento de todas as habilita\u00e7\u00f5es e adapta\u00e7\u00f5es do efetivo nas armas existentes no acervo da Corpora\u00e7\u00e3o, bem como no planejamento do EAP, estando sempre presente e atuante na recep\u00e7\u00e3o dos policiais alunos, tornando a sua estada na sede do Batalh\u00e3o a melhor poss\u00edvel. Atua tamb\u00e9m como professor de tiro ao efetivo do 28\u00ba BPM\/I e da Escola de Forma\u00e7\u00e3o de Soldados do CPI-10, levando aos alunos seu conhecimento e experi\u00eancia acerca do armamento dispon\u00edvel para o trabalho operacional. \u00c9 respons\u00e1vel ainda pelo zelo e manuten\u00e7\u00e3o do estande de tiro e da academia do 28\u00ba BPM\/I, tendo atua\u00e7\u00e3o destacada nas miss\u00f5es acima elencadas. N\u00e3o obstante estar a poucos meses de passar para a inatividade, n\u00e3o se furta a suas responsabilidades, demonstrando sua inteira dedica\u00e7\u00e3o e empenho, caracter\u00edstica que o acompanham por toda a sua prof\u00edcua carreira, fatores que o tornam digno do presente reconhecimento\u201d.         <!-- .pp-modal-popup --><\/p>\n<h5>ANDR\u00c9<br \/>\nDAVI MARTINS DE SOUZA<\/h5>\n<p>                <img decoding=\"async\" src=\"http:\/\/pm.empresaonline.net.br\/wp-content\/uploads\/2024\/07\/MAR\u00c7O-1.jpg\">            <\/p>\n<h2>\n                            EDUARDO ESCALANDRA DE ALMEIDA                        <\/h2>\n<p>                    \u201cDURANTE O M\u00caS DE MAR\u00c7O DE 2024 O 1\u00ba SGT PM EDUARDO SE DESTACOU NO CUMPRIMENTO DAS MISS\u00d5ES A ELE ATRIBU\u00cdDAS COMO AUXILIAR DA SECRETARIA DO GRANDE COMANDO, EM ESPECIAL AO ATENDIMENTO DOS IN\u00daMEROS PEDIDOS DE RETIFICA\u00c7\u00c3O DE DADOS CADASTRAIS EM CERTID\u00c3O DE TEMPO DE CONTRIBUI\u00c7\u00c3O, PARA PUBLICA\u00c7\u00c3O DE TEMPO AVERBADO EM REGIME GERAL DA PREVID\u00caNCIA SOCIAL (RGPS), CORRE\u00c7\u00c3O ESSA IMPRESC\u00cdDIVEL PARA O PROSSEGUIMENTO DOS PROCESSOS DE TRANSFER\u00caNCIA PARA A RESERVA A PEDIDO. AL\u00c9M DO MAIS, ATENDEU COM EXTREMA EXCEL\u00caNCIA AS V\u00c1RIAS DEMANDAS JUDICIAIS APORTADAS NA SECRETARIA, ORIUNDAS DA CONSULTORIA DE ASSUNTOS JUR\u00cdDIOS E DA PROCURADORIA GERAL DO ESTADO. EM TEMPO, DESTACO AINDA O COMPROMETIMENTO DO GRADUADO COM A EQUIPE DA SECRETARIA, VISTO QUE ESTE OFICIAL ASSUMIU OUTRAS FUN\u00c7\u00d5ES EM RAZ\u00c3O DO AFASTAMENTOS DE OUTROS CHEFES DE SE\u00c7\u00d5ES DO GRANDE COMANDO, BEM COMO O AFASTAMENTO DO 1\u00ba SGT PM PARRA, PARA TRATAMENTO M\u00c9DICO. POR FIM, \u00c9 NOT\u00d3RIO QUE AS QUALIDADES DO 1\u00ba SGT PM EDUARDO, MOTIVA OUTROS PROFISSIONAIS DE POL\u00cdCIA MILITAR A SEGUIR SEUS BONS EXEMPLOS, SENDO MERECEDOR DA PRESENTE INDICA\u00c7\u00c3O.         <!-- .pp-modal-popup --><\/p>\n<h5>EDUARDO<br \/>\nESCALANDRA DE ALMEIDA<\/h5>\n<p>                <img decoding=\"async\" src=\"http:\/\/pm.empresaonline.net.br\/wp-content\/uploads\/2024\/07\/FEV.jpg\">            <\/p>\n<h2>\n                            KLAUS MONTAGNINI ALVES                        <\/h2>\n<p>                    \u201cELOGIO INDIVIDUALMENTE O 1\u00b0 SGT PM KLAUS MONTAGNINI ALVES, CONGRATULA\u00c7\u00c3O ESTA QUE SE PERFAZ IMPRESCIND\u00cdVEL DIANTE DOS ATRIBUTOS E HABILIDADES DESTE PROFISSIONAL QUALIFICADO, QUE TANTO TEM CONTRIBU\u00cdDO PARA A SE\u00c7\u00c3O DE OPERA\u00c7\u00d5ES DO 12\u00b0 BAEP DURANTE TODO O M\u00caS DE FEVEREIRO DO CORRENTE ANO DE FORMA CONSPECTIVA E SAGAZ, SEMPRE ASSESSORANDO SEUS PARES E SUPERIORES, BEM COMO ASSISTINDO SEUS SUBORDINADOS POR MEIO DA MULTIPLICA\u00c7\u00c3O DE SEU ELEVADO CONHECIMENTO T\u00c9CNICO E PR\u00c1TICO, TORNANDO O SERVI\u00c7O CADA VEZ MAIS EFICIENTE E EFICAZ. O GRADUADO EM DESTAQUE EXECUTA SUAS MISS\u00d5ES COM ELEVADO AMOR \u00c0 CAUSA P\u00daBLICA, N\u00c3O APENAS EM SUA FUN\u00c7\u00c3O COMO AUXILIAR DE OPERA\u00c7\u00d5ES, MAS TAMB\u00c9M NAS IN\u00daMERAS INSTRU\u00c7\u00d5ES DE TIROS E HABILITA\u00c7\u00d5ES DE POLICIAIS EM DIVERSOS TIPOS DE ARMAMENTOS. ALIADO A ISSO, TEM PRESTADO SERVI\u00c7OS INESTIM\u00c1VEIS A ESTE COMANDO E \u00c0 INSTITUI\u00c7\u00c3O, NA CONSTANTE LABUTA PARA CORROBORAR COM A MANUTEN\u00c7\u00c3O E HIGIDEZ DA HIERARQUIA E DISCIPLINA, DEMONSTRANDO SER UM VERDADEIRO PROFISSIONAL DE POL\u00cdCIA, COMPROMISSADO COM A DEFESA DA VIDA, DA INTEGRIDADE F\u00cdSICA E DA DIGNIDADE DA PESSOA HUMANA. DESTARTE, \u00c0 LUZ DO CONTEXTO EXPOSITIVO TRAZIDO \u00c0 BAILA, IMPRESCIND\u00cdVEL SE TORNA O RECONHECIMENTO DAS QUALIDADES E TALENTOS DESTE PROEMINENTE GRADUADO, POR MEIO DO REGISTRO EM SEUS ASSENTAMENTOS INDIVIDUAIS DESTES SINGELOS ELOGIOS.\u201d        <!-- .pp-modal-popup --><\/p>\n<h5>KLAUS<br \/>\nMONTAGNINI ALVES<\/h5>\n<p>                <img decoding=\"async\" src=\"http:\/\/pm.empresaonline.net.br\/wp-content\/uploads\/2024\/07\/JANEIRO-1.jpg\">            <\/p>\n<h2>\n                            F\u00c1BIO JUNIO CALDERARO SILVA                        <\/h2>\n<p>                    S\u00cdNTESE HIST\u00d3RICA: Devo ressaltar os not\u00e1veis servi\u00e7os prestados pelo nosso dedicado Policial Militar durante o m\u00eas de janeiro, que desempenha uma fun\u00e7\u00e3o crucial na administra\u00e7\u00e3o \u201cAuxiliar de Telem\u00e1tica\u201d, focado na manuten\u00e7\u00e3o de computadores e servidores de arquivos. Sua compet\u00eancia \u00e9 evidente na habilidade com que gerencia e aprimora os sistemas tecnol\u00f3gicos do quartel e das companhias, garantindo o pleno funcionamento das opera\u00e7\u00f5es di\u00e1rias. No desempenho de suas responsabilidades, esse profissional demonstra uma maestria singular no controle de redes de computadores, assegurando a conectividade eficiente e a seguran\u00e7a dos dados. Al\u00e9m disso, sua atua\u00e7\u00e3o na manuten\u00e7\u00e3o de Terminais Port\u00e1teis de Dados (TPD) destaca-se como uma pe\u00e7a-chave para o \u00eaxito das opera\u00e7\u00f5es em campo. Sua dedica\u00e7\u00e3o incans\u00e1vel e habilidades t\u00e9cnicas s\u00e3o inestim\u00e1veis, contribuindo significativamente para a efic\u00e1cia operacional e seguran\u00e7a cibern\u00e9tica das nossas OPM. Assim, fica expressa nossa profunda gratid\u00e3o por seus servi\u00e7os exemplares, que fortalecem e elevam o padr\u00e3o de excel\u00eancia em nossa Institui\u00e7\u00e3o.        <!-- .pp-modal-popup --><\/p>\n<h5>F\u00c1BIO<br \/>\nJUNIO CALDERARO SILVA<\/h5>\n","protected":false},"excerpt":{"rendered":"<p>Pol\u00edcial Administrativo do M\u00eas ANT\u00d4NIO CARLOS MODESTO POR TER, DURANTE TODO O TRANSCORRER DO M\u00caS DE JULHO DE 2024, NA FUN\u00c7\u00c3O DE COMANDANTE DO 1\u00ba GP PM DE NOVA LUZIT\u00c2NIA E DO 2\u00ba GP PM DE GAST\u00c3O VIDIGAL, TRABALHADO COM MUITA COMPET\u00caNCIA E MAESTRIA NO SERVI\u00c7O ADMINISTRATIVO QUANTO NO COMANDO DO RESPECTIVO EFETIVO, O 2\u00ba [&hellip;]<\/p>\n","protected":false},"author":1,"featured_media":0,"parent":0,"menu_order":0,"comment_status":"closed","ping_status":"closed","template":"","meta":{"site-sidebar-layout":"default","site-content-layout":"default","ast-site-content-layout":"","site-content-style":"default","site-sidebar-style":"default","ast-global-header-display":"","ast-banner-title-visibility":"","ast-main-header-display":"","ast-hfb-above-header-display":"","ast-hfb-below-header-display":"","ast-hfb-mobile-header-display":"","site-post-title":"disabled","ast-breadcrumbs-content":"","ast-featured-img":"","footer-sml-layout":"","theme-transparent-header-meta":"default","adv-header-id-meta":"","stick-header-meta":"default","header-above-stick-meta":"","header-main-stick-meta":"","header-below-stick-meta":"","astra-migrate-meta-layouts":"default","ast-page-background-enabled":"default","ast-page-background-meta":{"desktop":{"background-color":"var(--ast-global-color-4)","background-image":"","background-repeat":"repeat","background-position":"center center","background-size":"auto","background-attachment":"scroll","background-type":"","background-media":"","overlay-type":"","overlay-color":"","overlay-opacity":"","overlay-gradient":""},"tablet":{"background-color":"","background-image":"","background-repeat":"repeat","background-position":"center center","background-size":"auto","background-attachment":"scroll","background-type":"","background-media":"","overlay-type":"","overlay-color":"","overlay-opacity":"","overlay-gradient":""},"mobile":{"background-color":"","background-image":"","background-repeat":"repeat","background-position":"center center","background-size":"auto","background-attachment":"scroll","background-type":"","background-media":"","overlay-type":"","overlay-color":"","overlay-opacity":"","overlay-gradient":""}},"ast-content-background-meta":{"desktop":{"background-color":"var(--ast-global-color-5)","background-image":"","background-repeat":"repeat","background-position":"center center","background-size":"auto","background-attachment":"scroll","background-type":"","background-media":"","overlay-type":"","overlay-color":"","overlay-opacity":"","overlay-gradient":""},"tablet":{"background-color":"var(--ast-global-color-5)","background-image":"","background-repeat":"repeat","background-position":"center center","background-size":"auto","background-attachment":"scroll","background-type":"","background-media":"","overlay-type":"","overlay-color":"","overlay-opacity":"","overlay-gradient":""},"mobile":{"background-color":"var(--ast-global-color-5)","background-image":"","background-repeat":"repeat","background-position":"center center","background-size":"auto","background-attachment":"scroll","background-type":"","background-media":"","overlay-type":"","overlay-color":"","overlay-opacity":"","overlay-gradient":""}},"footnotes":""},"class_list":["post-970","page","type-page","status-publish","hentry"],"_links":{"self":[{"href":"https:\/\/pm.empresaonline.net.br\/index.php\/wp-json\/wp\/v2\/pages\/970","targetHints":{"allow":["GET"]}}],"collection":[{"href":"https:\/\/pm.empresaonline.net.br\/index.php\/wp-json\/wp\/v2\/pages"}],"about":[{"href":"https:\/\/pm.empresaonline.net.br\/index.php\/wp-json\/wp\/v2\/types\/page"}],"author":[{"embeddable":true,"href":"https:\/\/pm.empresaonline.net.br\/index.php\/wp-json\/wp\/v2\/users\/1"}],"replies":[{"embeddable":true,"href":"https:\/\/pm.empresaonline.net.br\/index.php\/wp-json\/wp\/v2\/comments?post=970"}],"version-history":[{"count":22,"href":"https:\/\/pm.empresaonline.net.br\/index.php\/wp-json\/wp\/v2\/pages\/970\/revisions"}],"predecessor-version":[{"id":1388,"href":"https:\/\/pm.empresaonline.net.br\/index.php\/wp-json\/wp\/v2\/pages\/970\/revisions\/1388"}],"wp:attachment":[{"href":"https:\/\/pm.empresaonline.net.br\/index.php\/wp-json\/wp\/v2\/media?parent=970"}],"curies":[{"name":"wp","href":"https:\/\/api.w.org\/{rel}","templated":true}]}}