{"id":993,"date":"2023-06-29T10:04:58","date_gmt":"2023-06-29T13:04:58","guid":{"rendered":"https:\/\/pm.empresaonline.net.br\/?page_id=993"},"modified":"2024-08-12T10:37:44","modified_gmt":"2024-08-12T13:37:44","slug":"ocorrencia-de-destaque","status":"publish","type":"page","link":"https:\/\/pm.empresaonline.net.br\/index.php\/ocorrencia-de-destaque\/","title":{"rendered":"Ocorr\u00eancia de Destaque"},"content":{"rendered":"<p>Ocorr\u00eancia de Destaque 2024<br \/>\n                <img decoding=\"async\" src=\"http:\/\/pm.empresaonline.net.br\/wp-content\/uploads\/2024\/08\/JUULHO.jpg\"><br \/>\n                            CAP PM 109367-3 FERNANDO DA CUNHA BACHIEGA, 1\u00ba TEN PM 135622-4 LUIS EDUARDO LAFRAYA HIL\u00c1RIO, 2\u00ba SGT PM 944679-6 JO\u00c3O CARLOS MESSIAS MIRON, 2\u00ba SGT PM 107207-2 DEIVIS DA SILVA SONSINO, 2\u00ba SGT PM 143415-2 LEONARDO SIQUEIRA MARIANO, CB PM 973153-9 ALBERTO VASCONCELOS XAVIER, CB PM 109208-1 MARCO ANT\u00d4NIO AM\u00c2NCIO DA SILVA, CB PM 110014-9 F\u00c1BIO ROG\u00c9RIO BRAGA TORRES, CB PM 114512-6 RENATO DE SOUZA REVOREDO, CB PM 116473-2 RUBENS EDUARDO DOS SANTOS, CB PM 116879-7 FABR\u00cdCIO POLON DOS SANTOS, CB PM 119356-2 RONALDO BARBOSA BOMBA, CB PM 122489-1 RODRIGO AGUIAR DION\u00cdZIO DA SILVA, CB PM 124154-A DIEGO MATSUEL MARTINEZ DE MELO, CB PM 127364-7 LUCIANO DE SOUZA RODRIGUES, CB PM 138479-1 DIEGO COSTA MENKES e SD PM 151910-7 RENAN JEDIER SILVEIRA.<br \/>\nEm 20JUL24, policiais militares foram acionados atrav\u00e9s do COPOM, para atender uma ocorr\u00eancia em uma propriedade rural no munic\u00edpio de Pen\u00e1polis\/SP, onde havia um casal de idosos em \u00f3bito com marcas de viol\u00eancia. No local, as mortes foram constatadas e localizada uma faca com manchas de sangue e uma arma espingarda calibre .36. Foram subtra\u00eddos das v\u00edtimas um ve\u00edculo COROLA, 01(um) par de brincos e a quantia aproximada de R$ 300,00 em esp\u00e9cie. J\u00e1 na cidade de Ara\u00e7atuba\/SP, aproximadamente 50 km do local dos fatos, em uma a\u00e7\u00e3o conjunta, r\u00e1pida e eficaz, a equipe da ROCAM local, identificou e abordou o ve\u00edculo objeto do crime, com dois ocupantes, a equipe questionou-os a respeito do crime ocorrido, e um deles confessou o latroc\u00ednio e informou que seu irm\u00e3o e um amigo tamb\u00e9m participaram diretamente no crime. Mediante as informa\u00e7\u00f5es, os policiais militares da 1\u00aa Cia\/PM de Ara\u00e7atuba\/SP, se deslocaram at\u00e9 a resid\u00eancia informada e localizaram mais um dos autores do latroc\u00ednio, al\u00e9m de pe\u00e7as de roupas com manchas de sangue. Nesse \u00ednterim, as equipes da 2\u00aa Cia\/PM da cidade de Pen\u00e1polis\/SP, de posse de mais informa\u00e7\u00f5es sobre outros supostos autores, realizaram dilig\u00eancias em uma olaria ali existente, momento em que avistaram um indiv\u00edduo que, ao notar a presen\u00e7a da viatura, tentou empreender fuga, a qual foi frustrada pela abordagem. Na entrevista inicial, ele confessou a participa\u00e7\u00e3o no delito e, em busca domiciliar do abordado foram localizadas as roupas utilizadas na a\u00e7\u00e3o delituosa e um simulacro de pistola. Diante dos fatos, os suspeitos foram apresentados na Central de Pol\u00edcia Judici\u00e1ria de Ara\u00e7atuba\/SP e permaneceram \u00e0 disposi\u00e7\u00e3o da Justi\u00e7a. A proatividade, tiroc\u00ednio, legalidade, persist\u00eancia, profissionalismo e amor \u00e0 causa p\u00fablica, foram fatores preponderantes para o desfecho altamente positivo da ocorr\u00eancia.        <!-- .pp-modal-popup --><br \/>\n                <img decoding=\"async\" src=\"http:\/\/pm.empresaonline.net.br\/wp-content\/uploads\/2024\/07\/JUNHO-3.jpg\">            <\/p>\n<h2>\n                            1\u00ba Ten PM 142327-4 Guilherme Augusto de Souza Diaz, 1\u00ba Sgt PM 127234-9 Alexander Luiz Ribeiro, Cb PM 990691-6 Fernando Jacinto Richard Quintas e Cb PM 136239-9 Tiago Henrique de Carvalho.                        <\/h2>\n<p>                    Por terem, em 24MAI24, durante fiscaliza\u00e7\u00e3o pela Pra\u00e7a de Ped\u00e1gio do munic\u00edpio de Castilho, Rodovia Marechal Rondon, avistado um ve\u00edculo GM Spin Taxi, conduzido por um indiv\u00edduo que, ao notar a presen\u00e7a da equipe, se portou de modo suspeito, titubeando entre passar pela faixa sem parar ou na cabine, aliado ao fato de estar apresentando carregar grande peso, sendo dada ordem de parada, que foi desobedecida pelo condutor, que se evadiu pela citada rodovia, sendo acompanhado e abordado logo em seguida. Em vistoria no interior do ve\u00edculo, encontrou oito fardos de maconha, que contabilizaram 216 (duzentos e dezesseis) tijolos, e 213,300 kg (duzentos e treze quilos e trezentos gramas), al\u00e9m de dois aparelhos celulares e R$ 1.183,05 (um mil cento e oitenta e tr\u00eas reais e cinco centavos). Indagado, o condutor declarou que transportaria o entorpecente at\u00e9 Campinas\/SP, sendo preso e encaminhado ao DP da \u00e1rea, onde foi autuado em flagrante e recolhido ao c\u00e1rcere. A habilidade e o tiroc\u00ednio policial demonstrados pela equipe foram fundamentais para a abordagem veicular e a consecu\u00e7\u00e3o dessa opera\u00e7\u00e3o. Sua dedica\u00e7\u00e3o e discernimento foram essenciais para impedir que grande quantidade de drogas fosse distribu\u00edda e consumida, contribuindo significativamente para a luta contra o tr\u00e1fico de entorpecentes, sendo que a carga foi avaliada em cerca de R$ 400.000,00 (quatrocentos mil reais), podendo ultrapassar R$ 1.000.000,00 (um milh\u00e3o de reais) quando comercializada no varejo. A pris\u00e3o repercutiu em m\u00eddias sociais e na imprensa de maneira positiva, o que eleva e abrilhanta o nome da Companhia de For\u00e7a T\u00e1tica e do 28\u00ba BPM\/I. Por estes motivos, se faz jus o presente reconhecimento ao oficial, como forma de coroar seu brilhante trabalho.        <!-- .pp-modal-popup --><br \/>\n                <img decoding=\"async\" src=\"http:\/\/pm.empresaonline.net.br\/wp-content\/uploads\/2024\/07\/MAIO-2.jpg\">            <\/p>\n<h2>\n                            Cb PM 990738-6 Claudemiro F\u00e9lix de Amaro e Sd PM 157377-2 Lu\u00eds Henrique Pereira da Silva.                        <\/h2>\n<p>                    Os policiais em tela receberam solicita\u00e7\u00e3o via 190 para ocorr\u00eancia de amea\u00e7a na cidade de Gast\u00e3o Vidigal\/SP. No local, a m\u00e3e relatou que sua filha adolescente estava sendo amea\u00e7ada por um homem, sem fornecer maiores detalhes desta amea\u00e7a. Em seguida, com empatia e profissionalismo, os militares acolheram a m\u00e3e e a filha, criando um ambiente seguro para o relato da v\u00edtima, a qual disse que recebia amea\u00e7as para cometimento de crime sexual, oportunidade em que foi for\u00e7ada a manter rela\u00e7\u00f5es sexuais para que suas fotos e v\u00eddeos \u00edntimos n\u00e3o fossem divulgados pelo abusador. Com base nas imagens e provas testemunhais, os policiais realizaram buscas e localizaram o autor, o qual negou a pr\u00e1tica do crime sexual, entretanto foi conduzido \u00e0 Delegacia de Pol\u00edcia. Al\u00e9m disso, os militares providenciaram a correta preserva\u00e7\u00e3o f\u00edsica e intelectual da v\u00edtima, bem como acionaram o conselho tutelar para que a adolescente recebesse o melhor apoio ap\u00f3s essa situa\u00e7\u00e3o t\u00e3o dif\u00edcil. Ao longo da ocorr\u00eancia, os policiais militares demonstraram seriedade e compet\u00eancia, utilizando seus conhecimentos e habilidades para solucionar o caso de maneira eficaz, protegendo a menor e buscando a Justi\u00e7a ao autor do crime. O desempenho desses policiais serve de refer\u00eancia para seus pares, tornando-os merecedores deste reconhecimento.        <!-- .pp-modal-popup --><br \/>\n                <img decoding=\"async\" src=\"http:\/\/pm.empresaonline.net.br\/wp-content\/uploads\/2024\/07\/ABRIL-4.jpg\">            <\/p>\n<h2>\n                            1\u00ba SGT PM 965088-1 REGINALDO BARBOSA DOS SANTOS, CB PM 135374-8 PEDRO FRAN\u00c7A DA SILVA FILHO, SD PM 154105-6 FL\u00c1VIO ANDRADE M\u00d4NACO, SD PM 157013-7 ANT\u00d4NIO FABR\u00cdCIO DA SILVA NETO, SD PM162226-9 JOS\u00c9 GERALDO PINHEIRO DA SILVA JUNIOR.                        <\/h2>\n<p>                    Por terem, em 11 de abril, capturado um foragido da Justi\u00e7a envolvido com o crime organizado. Os policiais, cientes de que tal indiv\u00edduo estava homiziado em um assentamento, na \u00e1rea rural do munic\u00edpio de Suzan\u00e1polis\/SP, amplamente conhecido por seu envolvimento em crimes de alta periculosidade e organiza\u00e7\u00e3o criminosa, possuindo contra si dois Mandados de Pris\u00e3o pendentes, com penas que somadas ultrapassavam 18 (dezoito) anos de reclus\u00e3o em regime fechado, acusado de pertencer \u00e0 organiza\u00e7\u00e3o criminosa com fun\u00e7\u00e3o de comando, recepta\u00e7\u00e3o e crimes contra a ordem tribut\u00e1ria, propriet\u00e1rio de dois supermercados em Jardin\u00f3polis\/SP e Ribeir\u00e3o Preto\/SP, onde roubava cargas de mercadorias e as vendia em seus estabelecimentos, e participa\u00e7\u00e3o direta no homic\u00eddio contra Policial Militar, fizeram dilig\u00eancias pela \u00e1rea rural daquele munic\u00edpio e o localizaram, em um s\u00edtio, sendo ele preso. No momento de sua pris\u00e3o, se identificou com nome falso, apresentando um documento tamb\u00e9m falso. Ao ser confrontado com as informa\u00e7\u00f5es corretas, o foragido confessou sua verdadeira identidade e revelou que estava usando o documento falso para se esconder. Em busca minuciosa na resid\u00eancia do s\u00edtio, localizaram uma pistola cal.380 com um carregador municiado com 05 (cinco) muni\u00e7\u00f5es, al\u00e9m de 13 (treze) muni\u00e7\u00f5es sobressalentes, totalizando 18 (dezoito) muni\u00e7\u00f5es intactas. O homem foi detido e encaminhado \u00e0 Delegacia de Pol\u00edcia Civil de Pereira Barreto\/SP, onde foi autuado em flagrante por Posse Ilegal de Arma, sendo dado cumprimento aos Mandados de Pris\u00e3o, permanecendo \u00e0 disposi\u00e7\u00e3o da Justi\u00e7a. A pris\u00e3o do foragido teve grande repercuss\u00e3o na imprensa regional, com declara\u00e7\u00f5es de agradecimento, feitas pelo filho do policial militar assassinado, oficial da PMESP, enaltecendo sua periculosidade e a import\u00e2ncia de sua pris\u00e3o, gerando impacto positivo na comunidade, retirando de circula\u00e7\u00e3o criminoso perigoso e temido das ruas, demonstrando a efetividade e efici\u00eancia do trabalho da Pol\u00edcia Militar no combate \u00e0 criminalidade.        <!-- .pp-modal-popup --><br \/>\n                <img decoding=\"async\" src=\"http:\/\/pm.empresaonline.net.br\/wp-content\/uploads\/2024\/07\/MAR\u00c7O-2.jpg\">            <\/p>\n<h2>\n                            2\u00ba TEN PM 143911-1 FAGUNDES, 1\u00ba SGT PM 123384-0 VOLTARELI CB PM 131036-4 CALISTER E CB PM 135238-5 R. GOMES.                        <\/h2>\n<p>                    S\u00cdNTESE DA OCORR\u00caNCIA<br \/>\nNo dia 09mar24, durante patrulhamento de for\u00e7a t\u00e1tica pelo munic\u00edpio de andradina, foram informados pelo copom sobre ocorr\u00eancia de roubo de motocicleta, no cruzamento da rua paes leme com a avenida bar\u00e3o do rio branco. Realizado contato com as v\u00edtimas, estas informaram que tr\u00eas indiv\u00edduos, utilizando capuz e armados, anunciaram o roubo aos motociclistas, que estavam com duas motos honda\/twister. Uma das v\u00edtimas conseguiu acelerar e fugir do local, e a outra acabou sendo rendida pelos meliantes. Indagado pelo trio se era policial, a v\u00edtima foi revistada e retirada da moto, mas conseguiu travar a motocicleta e sair correndo, acionando o 190. De posse das caracter\u00edsticas dos autores, a equipe iniciou o patrulhamento, vindo a localiz\u00e1-los pela rua rio grande do norte com rua nove de julho, tratando-se de 03 adolescentes, ainda de posse dos simulacros de arma de fogo e da touca balaclava, confessando de pronto o ato praticado, recebendo voz de apreens\u00e3o por ato infracional an\u00e1logo a roubo, e foram conduzidos at\u00e9 a delegacia seccional, onde foram apreendidos e encaminhados \u00e0 funda\u00e7\u00e3o casa, ficando \u00e0 disposi\u00e7\u00e3o da justi\u00e7a. Destaca-se a postura exemplar dos policiais militares, cujo trabalho incans\u00e1vel e dedicado contribuiu para a restaura\u00e7\u00e3o da ordem p\u00fablica. Sua atua\u00e7\u00e3o n\u00e3o apenas enfrenta o crime, mas tamb\u00e9m responde legalmente \u00e0 sociedade, fortalecendo a confian\u00e7a na seguran\u00e7a p\u00fablica. A\u00e7\u00e3o que se destacou de maneira positiva na m\u00eddia regional e perante a sociedade, elevando o nome da pol\u00edcia militar.        <!-- .pp-modal-popup --><br \/>\n                <img decoding=\"async\" src=\"http:\/\/pm.empresaonline.net.br\/wp-content\/uploads\/2024\/07\/FEVEREIRO-2.jpg\">            <\/p>\n<h2>\n                            1\u00ba Sgt PM 127234-9 Alexander Luiz Ribeiro, Cb PM 990717-3 Ricardo Rodrigues Ceballos e Cb PM 990691-6 Fernando Jacinto Richard Quintas.                        <\/h2>\n<p>                     No dia 13FEV24, durante opera\u00e7\u00e3o de patrulhamento t\u00e1tico preventivo em Castilho, como parte da Opera\u00e7\u00e3o Carnaval, policiais militares receberam informa\u00e7\u00f5es cruciais do comando de For\u00e7a Patrulha sobre um ve\u00edculo VW Jetta, com diversas den\u00fancias de tr\u00e1fico de drogas, inclusive registros anteriores. Segundo relatos do Sargento PM de Ilha Solteira\/SP, o ve\u00edculo estava indo at\u00e9 Tr\u00eas Lagoas\/MS para buscar drogas, destinadas \u00e0 distribui\u00e7\u00e3o em Ilha Solteira. Ap\u00f3s coordenar um cerco de observa\u00e7\u00e3o nas rodovias que ligam Tr\u00eas Lagoas a Ilha Solteira, os policiais avistaram o ve\u00edculo VW Jetta retornando de Tr\u00eas Lagoas, seguido por outro ve\u00edculo, um Toyota Etios. Ao tentar deter o segundo ve\u00edculo, este evadiu-se, mas foi abordado com sucesso pela equipe policial. Durante a abordagem, uma descoberta significativa: 17 tijolos de maconha, pesando 10,100 kg, foram encontrados no Toyota Etios. Paralelamente, o VW Jetta foi abordado, com seus ocupantes, ambos com hist\u00f3rico criminal. Um dos ocupantes admitiu transportar a droga por encomenda, em troca de pagamento. Com base nas evid\u00eancias, todos os envolvidos foram detidos em flagrante por tr\u00e1fico de drogas e associa\u00e7\u00e3o criminosa. Na seccional, a pris\u00e3o foi ratificada pelo delegado, encaminhando-os \u00e0 carceragem, onde aguardar\u00e3o a decis\u00e3o da justi\u00e7a. Destaca-se a postura exemplar dos policiais militares, cujo trabalho incans\u00e1vel e dedicado contribui para a restaura\u00e7\u00e3o da ordem p\u00fablica. Sua atua\u00e7\u00e3o n\u00e3o apenas enfrenta o crime, mas tamb\u00e9m responde legalmente \u00e0 sociedade, fortalecendo a confian\u00e7a na seguran\u00e7a p\u00fablica.        <!-- .pp-modal-popup --><br \/>\n                <img decoding=\"async\" src=\"http:\/\/pm.empresaonline.net.br\/wp-content\/uploads\/2024\/07\/JAN.jpg\">            <\/p>\n<h2>\n                            1\u00ba SGT PM 924707-6 ROG\u00c9RIO FAGUNDES VILHALVA, CB PM 990691-6 FERNANDO JACINTO RICHARD QUINTAS e CB PM 127060-5 OBERDAN COUTINHO SANTOS.                        <\/h2>\n<p>                    Por ter, em 21DEZ24, avistado duas pessoas em uma pra\u00e7a na cidade de Andradina, quando identificou um indiv\u00edduo com um extenso hist\u00f3rico criminal, incluindo passagens por roubo, furto e estupro, al\u00e9m de den\u00fancias por tr\u00e1fico de drogas naquela regi\u00e3o, o qual tentou fugir ao receber voz de abordagem, sendo seguido e capturado ap\u00f3s oito quadras de acompanhamento a p\u00e9. Durante a abordagem, descobriu dinheiro escondido em partes \u00edntimas do suspeito; com outro indiv\u00edduo, localizou por\u00e7\u00f5es de maconha. O relato do segundo suspeito indicou a compra do entorpecente do primeiro. A equipe deslocou-se at\u00e9 a resid\u00eancia do suspeito que tentou fugir, conhecido por den\u00fancias de tr\u00e1fico e realizou busca domiciliar que resultou na apreens\u00e3o de 2,985 kg (dois quilos novecentos e oitenta e cinco gramas) de maconha, 0,549 kg (quinhentos e quarenta e nove gramas) de coca\u00edna, 0,234 kg (duzentos e trinta e quatro gramas) de crack, uma balan\u00e7a de precis\u00e3o, itens para embalagem de drogas e R$ 12.805,00 (doze mil oitocentos e cinco reais) em esp\u00e9cie. O primeiro indiv\u00edduo foi autuado pelo crime de Tr\u00e1fico de Drogas e preso, enquanto o segundo foi autuado pelo crime de Porte de Entorpecentes e liberado. Esta ocorr\u00eancia resultou na pris\u00e3o de um indiv\u00edduo sobre o qual recaiam in\u00fameras den\u00fancias e reclama\u00e7\u00f5es de moradores do respectivo bairro. Sua pris\u00e3o reflete a dedica\u00e7\u00e3o dos Policiais Militares no cumprimento do dever, al\u00e9m de ocasionar preju\u00edzos financeiros ao tr\u00e1fico de drogas que assola a comunidade. Os policiais militares s\u00e3o merecedores da referida indica\u00e7\u00e3o.        <!-- .pp-modal-popup --><\/p>\n","protected":false},"excerpt":{"rendered":"<p>Ocorr\u00eancia de Destaque 2024 CAP PM 109367-3 FERNANDO DA CUNHA BACHIEGA, 1\u00ba TEN PM 135622-4 LUIS EDUARDO LAFRAYA HIL\u00c1RIO, 2\u00ba SGT PM 944679-6 JO\u00c3O CARLOS MESSIAS MIRON, 2\u00ba SGT PM 107207-2 DEIVIS DA SILVA SONSINO, 2\u00ba SGT PM 143415-2 LEONARDO SIQUEIRA MARIANO, CB PM 973153-9 ALBERTO VASCONCELOS XAVIER, CB PM 109208-1 MARCO ANT\u00d4NIO AM\u00c2NCIO DA [&hellip;]<\/p>\n","protected":false},"author":1,"featured_media":0,"parent":0,"menu_order":0,"comment_status":"closed","ping_status":"closed","template":"","meta":{"site-sidebar-layout":"default","site-content-layout":"default","ast-site-content-layout":"","site-content-style":"default","site-sidebar-style":"default","ast-global-header-display":"","ast-banner-title-visibility":"","ast-main-header-display":"","ast-hfb-above-header-display":"","ast-hfb-below-header-display":"","ast-hfb-mobile-header-display":"","site-post-title":"disabled","ast-breadcrumbs-content":"","ast-featured-img":"","footer-sml-layout":"","theme-transparent-header-meta":"default","adv-header-id-meta":"","stick-header-meta":"default","header-above-stick-meta":"","header-main-stick-meta":"","header-below-stick-meta":"","astra-migrate-meta-layouts":"default","ast-page-background-enabled":"default","ast-page-background-meta":{"desktop":{"background-color":"var(--ast-global-color-4)","background-image":"","background-repeat":"repeat","background-position":"center center","background-size":"auto","background-attachment":"scroll","background-type":"","background-media":"","overlay-type":"","overlay-color":"","overlay-opacity":"","overlay-gradient":""},"tablet":{"background-color":"","background-image":"","background-repeat":"repeat","background-position":"center center","background-size":"auto","background-attachment":"scroll","background-type":"","background-media":"","overlay-type":"","overlay-color":"","overlay-opacity":"","overlay-gradient":""},"mobile":{"background-color":"","background-image":"","background-repeat":"repeat","background-position":"center center","background-size":"auto","background-attachment":"scroll","background-type":"","background-media":"","overlay-type":"","overlay-color":"","overlay-opacity":"","overlay-gradient":""}},"ast-content-background-meta":{"desktop":{"background-color":"var(--ast-global-color-5)","background-image":"","background-repeat":"repeat","background-position":"center center","background-size":"auto","background-attachment":"scroll","background-type":"","background-media":"","overlay-type":"","overlay-color":"","overlay-opacity":"","overlay-gradient":""},"tablet":{"background-color":"var(--ast-global-color-5)","background-image":"","background-repeat":"repeat","background-position":"center center","background-size":"auto","background-attachment":"scroll","background-type":"","background-media":"","overlay-type":"","overlay-color":"","overlay-opacity":"","overlay-gradient":""},"mobile":{"background-color":"var(--ast-global-color-5)","background-image":"","background-repeat":"repeat","background-position":"center center","background-size":"auto","background-attachment":"scroll","background-type":"","background-media":"","overlay-type":"","overlay-color":"","overlay-opacity":"","overlay-gradient":""}},"footnotes":""},"class_list":["post-993","page","type-page","status-publish","hentry"],"_links":{"self":[{"href":"https:\/\/pm.empresaonline.net.br\/index.php\/wp-json\/wp\/v2\/pages\/993","targetHints":{"allow":["GET"]}}],"collection":[{"href":"https:\/\/pm.empresaonline.net.br\/index.php\/wp-json\/wp\/v2\/pages"}],"about":[{"href":"https:\/\/pm.empresaonline.net.br\/index.php\/wp-json\/wp\/v2\/types\/page"}],"author":[{"embeddable":true,"href":"https:\/\/pm.empresaonline.net.br\/index.php\/wp-json\/wp\/v2\/users\/1"}],"replies":[{"embeddable":true,"href":"https:\/\/pm.empresaonline.net.br\/index.php\/wp-json\/wp\/v2\/comments?post=993"}],"version-history":[{"count":23,"href":"https:\/\/pm.empresaonline.net.br\/index.php\/wp-json\/wp\/v2\/pages\/993\/revisions"}],"predecessor-version":[{"id":1389,"href":"https:\/\/pm.empresaonline.net.br\/index.php\/wp-json\/wp\/v2\/pages\/993\/revisions\/1389"}],"wp:attachment":[{"href":"https:\/\/pm.empresaonline.net.br\/index.php\/wp-json\/wp\/v2\/media?parent=993"}],"curies":[{"name":"wp","href":"https:\/\/api.w.org\/{rel}","templated":true}]}}